{"id":6332,"date":"2024-03-15T16:15:53","date_gmt":"2024-03-15T19:15:53","guid":{"rendered":"https:\/\/klie.com.br\/?page_id=6332"},"modified":"2024-03-15T16:37:35","modified_gmt":"2024-03-15T19:37:35","slug":"sofas-ef","status":"publish","type":"page","link":"https:\/\/klie.com.br\/en\/linha-colecao\/sofas-ef\/","title":{"rendered":"Sof\u00e1s"},"content":{"rendered":"<div class=\"vc_row wpb_row vc_row-fluid\" ><div class=\"wpb_column vc_column_container vc_col-sm-12\"><div class=\"vc_column-inner\"><div class=\"wpb_wrapper\">\n\t\t\t<!-- START Sof\u00e1s Categoria REVOLUTION SLIDER 6.6.20 --><p class=\"rs-p-wp-fix\"><\/p>\n\t\t\t<rs-module-wrap id=\"rev_slider_20_1_wrapper\" data-source=\"gallery\" style=\"visibility:hidden;background:transparent;padding:0;margin:0px auto;margin-top:0;margin-bottom:0;\">\n\t\t\t\t<rs-module id=\"rev_slider_20_1\" style=\"\" data-version=\"6.6.20\">\n\t\t\t\t\t<rs-slides style=\"overflow: hidden; position: absolute;\">\n\t\t\t\t\t\t<rs-slide style=\"position: absolute;\" data-key=\"rs-38\" data-title=\"Slide\" data-thumb=\"\/\/klie.com.br\/wp-content\/uploads\/2020\/07\/Edel-1-scaled.jpg\" data-anim=\"ms:600;r:0;\" data-in=\"o:0;\" data-out=\"a:false;\" data-color='light'>\n\t\t\t\t\t\t\t<img src=\"\/\/klie.com.br\/wp-content\/plugins\/revslider\/public\/assets\/assets\/dummy.png\" alt=\"Slide\" title=\"Edel\" width=\"2560\" height=\"1380\" class=\"rev-slidebg tp-rs-img rs-lazyload\" data-lazyload=\"\/\/klie.com.br\/wp-content\/plugins\/revslider\/public\/assets\/assets\/transparent.png\" data-bg=\"p:left center;\" data-parallax=\"5\" data-no-retina>\n<!--\n\t\t\t\t\t\t\t--><rs-layer\n\t\t\t\t\t\t\t\tid=\"slider-20-slide-38-layer-0\" \n\t\t\t\t\t\t\t\tdata-type=\"image\"\n\t\t\t\t\t\t\t\tdata-rsp_ch=\"on\"\n\t\t\t\t\t\t\t\tdata-xy=\"xo:-186px,-133px,-301px,-98px;yo:-105px,-4px,-220px,2px;\"\n\t\t\t\t\t\t\t\tdata-text=\"w:normal;s:20,12,9,5;l:0,16,12,7;\"\n\t\t\t\t\t\t\t\tdata-dim=\"w:1938px,1240px,1324px,816px;h:1292px,826px,883px,544px;\"\n\t\t\t\t\t\t\t\tdata-vbility=\"t,t,t,f\"\n\t\t\t\t\t\t\t\tdata-frame_999=\"o:0;st:w;\"\n\t\t\t\t\t\t\t\tstyle=\"z-index:5;\"\n\t\t\t\t\t\t\t><img src=\"\/\/klie.com.br\/wp-content\/plugins\/revslider\/public\/assets\/assets\/dummy.png\" alt=\"Sof\u00e1s\" class=\"tp-rs-img rs-lazyload\" width=\"2560\" height=\"1707\" data-lazyload=\"\/\/klie.com.br\/wp-content\/uploads\/2020\/08\/rsz_20200722104641_img_6190-scaled.jpg\" data-no-retina> \n\t\t\t\t\t\t\t<\/rs-layer><!--\n\n\t\t\t\t\t\t\t--><rs-layer\n\t\t\t\t\t\t\t\tid=\"slider-20-slide-38-layer-2\" \n\t\t\t\t\t\t\t\tdata-type=\"text\"\n\t\t\t\t\t\t\t\tdata-color=\"#525050\"\n\t\t\t\t\t\t\t\tdata-rsp_ch=\"on\"\n\t\t\t\t\t\t\t\tdata-xy=\"xo:50px;yo:190px,100px,100px,0;\"\n\t\t\t\t\t\t\t\tdata-text=\"w:normal;s:75,60,45,43;l:79,50,37,75;ls:20px,12px,9px,0px;\"\n\t\t\t\t\t\t\t\tdata-frame_999=\"o:0;st:w;\"\n\t\t\t\t\t\t\t\tstyle=\"z-index:9;font-family:'Lato';font-weight:500;\"\n\t\t\t\t\t\t\t><div>SOFA<\/div> \n\t\t\t\t\t\t\t<\/rs-layer><!--\n-->\t\t\t\t\t\t<\/rs-slide>\n\t\t\t\t\t\t<rs-slide style=\"position: absolute;\" data-key=\"rs-230\" data-title=\"Slide\" data-thumb=\"\/\/klie.com.br\/wp-content\/uploads\/2020\/07\/Edel-1-scaled.jpg\" data-anim=\"ms:600;r:0;\" data-in=\"o:0;\" data-out=\"a:false;\" data-color='light'>\n\t\t\t\t\t\t\t<img src=\"\/\/klie.com.br\/wp-content\/plugins\/revslider\/public\/assets\/assets\/dummy.png\" alt=\"Slide\" title=\"Edel\" width=\"2560\" height=\"1380\" class=\"rev-slidebg tp-rs-img rs-lazyload\" data-lazyload=\"\/\/klie.com.br\/wp-content\/plugins\/revslider\/public\/assets\/assets\/transparent.png\" data-bg=\"p:left center;\" data-parallax=\"5\" data-no-retina>\n<!--\n\t\t\t\t\t\t\t--><rs-layer\n\t\t\t\t\t\t\t\tid=\"slider-20-slide-230-layer-0\" \n\t\t\t\t\t\t\t\tdata-type=\"image\"\n\t\t\t\t\t\t\t\tdata-rsp_ch=\"on\"\n\t\t\t\t\t\t\t\tdata-xy=\"xo:-154px,-72px,-72px,-98px;yo:-8px,-14px,-4px,2px;\"\n\t\t\t\t\t\t\t\tdata-text=\"w:normal;s:20,12,9,5;l:0,16,12,7;\"\n\t\t\t\t\t\t\t\tdata-dim=\"w:1938px,1334px,1324px,816px;h:1292px,890px,883px,544px;\"\n\t\t\t\t\t\t\t\tdata-vbility=\"t,t,t,f\"\n\t\t\t\t\t\t\t\tdata-frame_999=\"o:0;st:w;\"\n\t\t\t\t\t\t\t\tstyle=\"z-index:5;\"\n\t\t\t\t\t\t\t><img src=\"\/\/klie.com.br\/wp-content\/plugins\/revslider\/public\/assets\/assets\/dummy.png\" alt=\"\" class=\"tp-rs-img rs-lazyload\" width=\"2560\" height=\"1707\" data-lazyload=\"\/\/klie.com.br\/wp-content\/uploads\/2021\/09\/ok_MG_4139-scaled.jpg\" data-no-retina> \n\t\t\t\t\t\t\t<\/rs-layer><!--\n\n\t\t\t\t\t\t\t--><rs-layer\n\t\t\t\t\t\t\t\tid=\"slider-20-slide-230-layer-2\" \n\t\t\t\t\t\t\t\tdata-type=\"text\"\n\t\t\t\t\t\t\t\tdata-color=\"#525050\"\n\t\t\t\t\t\t\t\tdata-rsp_ch=\"on\"\n\t\t\t\t\t\t\t\tdata-xy=\"xo:50px;yo:190px,100px,100px,0;\"\n\t\t\t\t\t\t\t\tdata-text=\"w:normal;s:75,60,45,43;l:79,50,37,75;ls:20px,12px,9px,0px;\"\n\t\t\t\t\t\t\t\tdata-frame_999=\"o:0;st:w;\"\n\t\t\t\t\t\t\t\tstyle=\"z-index:9;font-family:'Lato';font-weight:500;\"\n\t\t\t\t\t\t\t><div>SOFA<\/div> \n\t\t\t\t\t\t\t<\/rs-layer><!--\n-->\t\t\t\t\t\t<\/rs-slide>\n\t\t\t\t\t\t<rs-slide style=\"position: absolute;\" data-key=\"rs-108\" data-title=\"Slide\" data-thumb=\"\/\/klie.com.br\/wp-content\/uploads\/2020\/07\/Edel-1-scaled.jpg\" data-anim=\"ms:600;r:0;\" data-in=\"o:0;\" data-out=\"a:false;\" data-color='light'>\n\t\t\t\t\t\t\t<img src=\"\/\/klie.com.br\/wp-content\/plugins\/revslider\/public\/assets\/assets\/dummy.png\" alt=\"Slide\" title=\"Edel\" width=\"2560\" height=\"1380\" class=\"rev-slidebg tp-rs-img rs-lazyload\" data-lazyload=\"\/\/klie.com.br\/wp-content\/plugins\/revslider\/public\/assets\/assets\/transparent.png\" data-bg=\"p:left center;\" data-parallax=\"5\" data-no-retina>\n<!--\n\t\t\t\t\t\t\t--><rs-layer\n\t\t\t\t\t\t\t\tid=\"slider-20-slide-108-layer-0\" \n\t\t\t\t\t\t\t\tdata-type=\"image\"\n\t\t\t\t\t\t\t\tdata-rsp_ch=\"on\"\n\t\t\t\t\t\t\t\tdata-xy=\"xo:-431px,-133px,-301px,-98px;yo:-333px,-4px,-220px,2px;\"\n\t\t\t\t\t\t\t\tdata-text=\"w:normal;s:20,12,9,5;l:0,16,12,7;\"\n\t\t\t\t\t\t\t\tdata-dim=\"w:1938px,1240px,1324px,816px;h:1938px,1240px,883px,544px;\"\n\t\t\t\t\t\t\t\tdata-vbility=\"t,t,t,f\"\n\t\t\t\t\t\t\t\tdata-frame_999=\"o:0;st:w;\"\n\t\t\t\t\t\t\t\tstyle=\"z-index:5;\"\n\t\t\t\t\t\t\t><img src=\"\/\/klie.com.br\/wp-content\/plugins\/revslider\/public\/assets\/assets\/dummy.png\" alt=\"\" class=\"tp-rs-img rs-lazyload\" width=\"2560\" height=\"2560\" data-lazyload=\"\/\/klie.com.br\/wp-content\/uploads\/2020\/12\/03-Daybed-DUNAS_Lateral-scaled.jpg\" data-no-retina> \n\t\t\t\t\t\t\t<\/rs-layer><!--\n\n\t\t\t\t\t\t\t--><rs-layer\n\t\t\t\t\t\t\t\tid=\"slider-20-slide-108-layer-2\" \n\t\t\t\t\t\t\t\tdata-type=\"text\"\n\t\t\t\t\t\t\t\tdata-color=\"#525050\"\n\t\t\t\t\t\t\t\tdata-rsp_ch=\"on\"\n\t\t\t\t\t\t\t\tdata-xy=\"xo:50px;yo:190px,100px,100px,0;\"\n\t\t\t\t\t\t\t\tdata-text=\"w:normal;s:75,60,45,43;l:79,50,37,75;ls:20px,12px,9px,0px;\"\n\t\t\t\t\t\t\t\tdata-frame_999=\"o:0;st:w;\"\n\t\t\t\t\t\t\t\tstyle=\"z-index:9;font-family:'Lato';font-weight:500;\"\n\t\t\t\t\t\t\t><div>SOFA<\/div> \n\t\t\t\t\t\t\t<\/rs-layer><!--\n-->\t\t\t\t\t\t<\/rs-slide>\n\t\t\t\t\t<\/rs-slides>\n\t\t\t\t<\/rs-module>\n\t\t\t\t<script>\n\t\t\t\t\tsetREVStartSize({c: 'rev_slider_20_1',rl:[1240,1024,778,480],el:[868,675,560,75],gw:[1600,1024,778,480],gh:[868,675,560,75],type:'standard',justify:'',layout:'fullwidth',mh:\"0\"});if (window.RS_MODULES!==undefined && window.RS_MODULES.modules!==undefined && window.RS_MODULES.modules[\"revslider201\"]!==undefined) {window.RS_MODULES.modules[\"revslider201\"].once = false;window.revapi20 = undefined;if (window.RS_MODULES.checkMinimal!==undefined) window.RS_MODULES.checkMinimal()}\n\t\t\t\t<\/script>\n\t\t\t<\/rs-module-wrap>\n\t\t\t<!-- END REVOLUTION SLIDER -->\n<\/div><\/div><\/div><\/div><div class=\"vc_row wpb_row vc_row-fluid\" ><div class=\"wpb_column vc_column_container vc_col-sm-12\"><div class=\"vc_column-inner\"><div class=\"wpb_wrapper\"><div class=\"qodef-elements-holder   qodef-one-column  qodef-responsive-mode-768\" ><div class=\"qodef-eh-item\"  data-item-class=\"qodef-eh-custom-3412\" data-681-768=\"110px 9% 50px\" data-680=\"70px 9% 70px\">\n\t<div class=\"qodef-eh-item-inner\">\n\t\t<div class=\"qodef-eh-item-content qodef-eh-custom-3412\" style=\"padding: 180px 9% 80px\">\n\t\t\t\n\t<div class=\"wpb_text_column wpb_content_element\" >\n\t\t<div class=\"wpb_wrapper\">\n\t\t\t<p class=\"klie-section-text\">The sofa is one of the essential pieces in any home, a central element in contemporary home life. An essential complement in the living environment, the sofa symbolizes a space for exchanges of intimacy, care, and rest. Whether in moments of entertainment, rest or events, the sofa is a highly versatile piece of furniture, a true meeting point capable of being a base for moments and memories.<\/p>\n\n\t\t<\/div>\n\t<\/div>\n\t\t<\/div>\n\t<\/div>\n<\/div><\/div><\/div><\/div><\/div><\/div><div class=\"vc_row wpb_row vc_row-fluid klie-category-product-list\" ><div class=\"wpb_column vc_column_container vc_col-sm-12\"><div class=\"vc_column-inner\"><div class=\"wpb_wrapper\"><div class=\"qodef-elements-holder   qodef-one-column  qodef-responsive-mode-768\" ><div class=\"qodef-eh-item\"  data-item-class=\"qodef-eh-custom-3427\" data-769-1024=\"40px 0 120px\" data-681-768=\"0 0 55px\" data-680=\"0 0 75px\">\n\t<div class=\"qodef-eh-item-inner\">\n\t\t<div class=\"qodef-eh-item-content qodef-eh-custom-3427\" style=\"padding: 0 9% 73px\">\n\t\t\t\n\t<div class=\"wpb_raw_code wpb_content_element wpb_raw_html\" >\n\t\t<div class=\"wpb_wrapper\">\n\t\t\t<div class=\"klie-category-list\">\n      <div class=\"klie-category\">\n        <a\n          class=\"klie-category-a\"\n          itemprop=\"url\"\n          href=\"https:\/\/klie.com.br\/en\/sofa-evo\/\"\n          target=\"_self\"\n        >\n          <img\n            width=\"350\"\n            height=\"350\"\n            src=\"https:\/\/klie.com.br\/wp-content\/uploads\/2022\/10\/Miniatura-SofaEvo.jpg\"\n          \/>\n          <p class=\"klie-section-text\">EVO SOFA<\/p>\n        <\/a>\n      <\/div>\n\t\n\t<div class=\"klie-category\">\n        <a\n          class=\"klie-category-a\"\n          itemprop=\"url\"\n          href=\"https:\/\/klie.com.br\/en\/daybed-dunas\/\"\n          target=\"_self\"\n        >\n          <img\n            width=\"353\"\n            height=\"357\"\n            src=\"https:\/\/klie.com.br\/wp-content\/uploads\/2021\/04\/Daybed-DUNAS_Frontal-scaled.jpg\"\n          \/>\n          <p class=\"klie-section-text\">DAYBED DUNAS<\/p>\n        <\/a>\n      <\/div>\n\n      <div class=\"klie-category\">\n        <a\n          class=\"klie-category-a\"\n          itemprop=\"url\"\n          href=\"https:\/\/klie.com.br\/en\/sofacurvo-dunas\/\"\n          target=\"_self\"\n        >\n          <img\n            width=\"353\"\n            height=\"357\"\n            src=\"https:\/\/klie.com.br\/wp-content\/uploads\/2021\/04\/Sofa_Curvo-Quadrado-2-scaled.jpg\"\n          \/>\n          <p class=\"klie-section-text\">SOF\u00c1 CURVO DUNAS<\/p>\n        <\/a>\n      <\/div>\n<\/div>\n\t\t<\/div>\n\t<\/div>\n\t\t<\/div>\n\t<\/div>\n<\/div><\/div><\/div><\/div><\/div><\/div>","protected":false},"excerpt":{"rendered":"SOF\u00c1S SOF\u00c1S SOF\u00c1S O sof\u00e1 \u00e9 uma das pe\u00e7as essenciais em qualquer resid\u00eancia, um elemento central na vida dom\u00e9stica contempor\u00e2nea. Complemento essencial em ambiente de estar, o sof\u00e1 simboliza um espa\u00e7o para trocas de intimidade, cuidado e descanso. Seja nos [...]","protected":false},"author":9,"featured_media":0,"parent":6294,"menu_order":0,"comment_status":"closed","ping_status":"closed","template":"full-width.php","meta":{"footnotes":""},"yoast_head":"<!-- This site is optimized with the Yoast SEO plugin v22.2 - https:\/\/yoast.com\/wordpress\/plugins\/seo\/ -->\n<title>Sof\u00e1s - Klie<\/title>\n<meta name=\"robots\" content=\"index, follow, max-snippet:-1, max-image-preview:large, max-video-preview:-1\" \/>\n<link rel=\"canonical\" href=\"https:\/\/klie.com.br\/en\/linha-colecao\/sofas-ef\/\" \/>\n<meta property=\"og:locale\" content=\"en_US\" \/>\n<meta property=\"og:type\" content=\"article\" \/>\n<meta property=\"og:title\" content=\"Sof\u00e1s - Klie\" \/>\n<meta property=\"og:url\" content=\"https:\/\/klie.com.br\/en\/linha-colecao\/sofas-ef\/\" \/>\n<meta property=\"og:site_name\" content=\"Klie\" \/>\n<meta property=\"article:publisher\" content=\"https:\/\/www.facebook.com\/klieoficial\" \/>\n<meta property=\"article:modified_time\" content=\"2024-03-15T19:37:35+00:00\" \/>\n<meta name=\"twitter:card\" content=\"summary_large_image\" \/>\n<meta name=\"twitter:label1\" content=\"Est. reading time\" \/>\n\t<meta name=\"twitter:data1\" content=\"1 minute\" \/>\n<script type=\"application\/ld+json\" class=\"yoast-schema-graph\">{\"@context\":\"https:\/\/schema.org\",\"@graph\":[{\"@type\":\"WebPage\",\"@id\":\"https:\/\/klie.com.br\/linha-colecao\/sofas-ef\/\",\"url\":\"https:\/\/klie.com.br\/linha-colecao\/sofas-ef\/\",\"name\":\"Sof\u00e1s - Klie\",\"isPartOf\":{\"@id\":\"https:\/\/klie.com.br\/#website\"},\"datePublished\":\"2024-03-15T19:15:53+00:00\",\"dateModified\":\"2024-03-15T19:37:35+00:00\",\"breadcrumb\":{\"@id\":\"https:\/\/klie.com.br\/linha-colecao\/sofas-ef\/#breadcrumb\"},\"inLanguage\":\"en-US\",\"potentialAction\":[{\"@type\":\"ReadAction\",\"target\":[\"https:\/\/klie.com.br\/linha-colecao\/sofas-ef\/\"]}]},{\"@type\":\"BreadcrumbList\",\"@id\":\"https:\/\/klie.com.br\/linha-colecao\/sofas-ef\/#breadcrumb\",\"itemListElement\":[{\"@type\":\"ListItem\",\"position\":1,\"name\":\"Home\",\"item\":\"https:\/\/klie.com.br\/\"},{\"@type\":\"ListItem\",\"position\":2,\"name\":\"COLE\u00c7\u00c3O\",\"item\":\"https:\/\/klie.com.br\/linha-colecao\/\"},{\"@type\":\"ListItem\",\"position\":3,\"name\":\"Sof\u00e1s\"}]},{\"@type\":\"WebSite\",\"@id\":\"https:\/\/klie.com.br\/#website\",\"url\":\"https:\/\/klie.com.br\/\",\"name\":\"Klie -\",\"description\":\"Detalhes que conectam!\",\"publisher\":{\"@id\":\"https:\/\/klie.com.br\/#organization\"},\"potentialAction\":[{\"@type\":\"SearchAction\",\"target\":{\"@type\":\"EntryPoint\",\"urlTemplate\":\"https:\/\/klie.com.br\/?s={search_term_string}\"},\"query-input\":\"required name=search_term_string\"}],\"inLanguage\":\"en-US\"},{\"@type\":\"Organization\",\"@id\":\"https:\/\/klie.com.br\/#organization\",\"name\":\"Klie\",\"url\":\"https:\/\/klie.com.br\/\",\"logo\":{\"@type\":\"ImageObject\",\"inLanguage\":\"en-US\",\"@id\":\"https:\/\/klie.com.br\/#\/schema\/logo\/image\/\",\"url\":\"https:\/\/klie.com.br\/wp-content\/uploads\/2020\/06\/Artboard-2-2.png\",\"contentUrl\":\"https:\/\/klie.com.br\/wp-content\/uploads\/2020\/06\/Artboard-2-2.png\",\"width\":97,\"height\":41,\"caption\":\"Klie\"},\"image\":{\"@id\":\"https:\/\/klie.com.br\/#\/schema\/logo\/image\/\"},\"sameAs\":[\"https:\/\/www.facebook.com\/klieoficial\",\"https:\/\/www.instagram.com\/klieoficial\/\"]}]}<\/script>\n<!-- \/ Yoast SEO plugin. -->","yoast_head_json":{"title":"Sof\u00e1s - Klie","robots":{"index":"index","follow":"follow","max-snippet":"max-snippet:-1","max-image-preview":"max-image-preview:large","max-video-preview":"max-video-preview:-1"},"canonical":"https:\/\/klie.com.br\/en\/linha-colecao\/sofas-ef\/","og_locale":"en_US","og_type":"article","og_title":"Sof\u00e1s - Klie","og_url":"https:\/\/klie.com.br\/en\/linha-colecao\/sofas-ef\/","og_site_name":"Klie","article_publisher":"https:\/\/www.facebook.com\/klieoficial","article_modified_time":"2024-03-15T19:37:35+00:00","twitter_card":"summary_large_image","twitter_misc":{"Est. reading time":"1 minute"},"schema":{"@context":"https:\/\/schema.org","@graph":[{"@type":"WebPage","@id":"https:\/\/klie.com.br\/linha-colecao\/sofas-ef\/","url":"https:\/\/klie.com.br\/linha-colecao\/sofas-ef\/","name":"Sof\u00e1s - Klie","isPartOf":{"@id":"https:\/\/klie.com.br\/#website"},"datePublished":"2024-03-15T19:15:53+00:00","dateModified":"2024-03-15T19:37:35+00:00","breadcrumb":{"@id":"https:\/\/klie.com.br\/linha-colecao\/sofas-ef\/#breadcrumb"},"inLanguage":"en-US","potentialAction":[{"@type":"ReadAction","target":["https:\/\/klie.com.br\/linha-colecao\/sofas-ef\/"]}]},{"@type":"BreadcrumbList","@id":"https:\/\/klie.com.br\/linha-colecao\/sofas-ef\/#breadcrumb","itemListElement":[{"@type":"ListItem","position":1,"name":"Home","item":"https:\/\/klie.com.br\/"},{"@type":"ListItem","position":2,"name":"COLE\u00c7\u00c3O","item":"https:\/\/klie.com.br\/linha-colecao\/"},{"@type":"ListItem","position":3,"name":"Sof\u00e1s"}]},{"@type":"WebSite","@id":"https:\/\/klie.com.br\/#website","url":"https:\/\/klie.com.br\/","name":"Klie -","description":"Detalhes que conectam!","publisher":{"@id":"https:\/\/klie.com.br\/#organization"},"potentialAction":[{"@type":"SearchAction","target":{"@type":"EntryPoint","urlTemplate":"https:\/\/klie.com.br\/?s={search_term_string}"},"query-input":"required name=search_term_string"}],"inLanguage":"en-US"},{"@type":"Organization","@id":"https:\/\/klie.com.br\/#organization","name":"Klie","url":"https:\/\/klie.com.br\/","logo":{"@type":"ImageObject","inLanguage":"en-US","@id":"https:\/\/klie.com.br\/#\/schema\/logo\/image\/","url":"https:\/\/klie.com.br\/wp-content\/uploads\/2020\/06\/Artboard-2-2.png","contentUrl":"https:\/\/klie.com.br\/wp-content\/uploads\/2020\/06\/Artboard-2-2.png","width":97,"height":41,"caption":"Klie"},"image":{"@id":"https:\/\/klie.com.br\/#\/schema\/logo\/image\/"},"sameAs":["https:\/\/www.facebook.com\/klieoficial","https:\/\/www.instagram.com\/klieoficial\/"]}]}},"_links":{"self":[{"href":"https:\/\/klie.com.br\/en\/wp-json\/wp\/v2\/pages\/6332"}],"collection":[{"href":"https:\/\/klie.com.br\/en\/wp-json\/wp\/v2\/pages"}],"about":[{"href":"https:\/\/klie.com.br\/en\/wp-json\/wp\/v2\/types\/page"}],"author":[{"embeddable":true,"href":"https:\/\/klie.com.br\/en\/wp-json\/wp\/v2\/users\/9"}],"replies":[{"embeddable":true,"href":"https:\/\/klie.com.br\/en\/wp-json\/wp\/v2\/comments?post=6332"}],"version-history":[{"count":2,"href":"https:\/\/klie.com.br\/en\/wp-json\/wp\/v2\/pages\/6332\/revisions"}],"predecessor-version":[{"id":6334,"href":"https:\/\/klie.com.br\/en\/wp-json\/wp\/v2\/pages\/6332\/revisions\/6334"}],"up":[{"embeddable":true,"href":"https:\/\/klie.com.br\/en\/wp-json\/wp\/v2\/pages\/6294"}],"wp:attachment":[{"href":"https:\/\/klie.com.br\/en\/wp-json\/wp\/v2\/media?parent=6332"}],"curies":[{"name":"wp","href":"https:\/\/api.w.org\/{rel}","templated":true}]}}