{"id":6326,"date":"2024-03-15T16:11:09","date_gmt":"2024-03-15T19:11:09","guid":{"rendered":"https:\/\/klie.com.br\/?page_id=6326"},"modified":"2024-03-19T10:03:17","modified_gmt":"2024-03-19T13:03:17","slug":"mesas-de-centro-e-laterais-ef","status":"publish","type":"page","link":"https:\/\/klie.com.br\/en\/linha-colecao\/mesas-de-centro-e-laterais-ef\/","title":{"rendered":"Mesas de centro e Laterais"},"content":{"rendered":"<div class=\"vc_row wpb_row vc_row-fluid\" ><div class=\"wpb_column vc_column_container vc_col-sm-12\"><div class=\"vc_column-inner\"><div class=\"wpb_wrapper\">\n\t\t\t<!-- START MESAS DE CENTRO HEADER REVOLUTION SLIDER 6.6.20 --><p class=\"rs-p-wp-fix\"><\/p>\n\t\t\t<rs-module-wrap id=\"rev_slider_33_1_wrapper\" data-source=\"gallery\" style=\"visibility:hidden;background:transparent;padding:0;margin:0px auto;margin-top:0;margin-bottom:0;\">\n\t\t\t\t<rs-module id=\"rev_slider_33_1\" style=\"\" data-version=\"6.6.20\">\n\t\t\t\t\t<rs-slides style=\"overflow: hidden; position: absolute;\">\n\t\t\t\t\t\t<rs-slide style=\"position: absolute;\" data-key=\"rs-78\" data-title=\"Slide\" data-anim=\"ms:600;r:0;\" data-in=\"o:0;\" data-out=\"a:false;\" data-color='light'>\n\t\t\t\t\t\t\t<img src=\"\/\/klie.com.br\/wp-content\/plugins\/revslider\/public\/assets\/assets\/dummy.png\" alt=\"Slide\" title=\"Edel\" width=\"2560\" height=\"1380\" class=\"rev-slidebg tp-rs-img rs-lazyload\" data-lazyload=\"\/\/klie.com.br\/wp-content\/plugins\/revslider\/public\/assets\/assets\/transparent.png\" data-bg=\"p:left center;\" data-parallax=\"5\" data-no-retina>\n<!--\n\t\t\t\t\t\t\t--><rs-layer\n\t\t\t\t\t\t\t\tid=\"slider-33-slide-78-layer-0\" \n\t\t\t\t\t\t\t\tdata-type=\"image\"\n\t\t\t\t\t\t\t\tdata-rsp_ch=\"on\"\n\t\t\t\t\t\t\t\tdata-xy=\"xo:415px,610px,398px,-98px;yo:272px,70px,74px,2px;\"\n\t\t\t\t\t\t\t\tdata-text=\"w:normal;s:20,16,12,7;l:0,20,15,9;\"\n\t\t\t\t\t\t\t\tdata-dim=\"w:1614px,419px,382px,235px;h:968px,558px,509px,314px;\"\n\t\t\t\t\t\t\t\tdata-vbility=\"t,t,t,f\"\n\t\t\t\t\t\t\t\tdata-frame_999=\"o:0;st:w;\"\n\t\t\t\t\t\t\t\tstyle=\"z-index:5;\"\n\t\t\t\t\t\t\t><img src=\"\/\/klie.com.br\/wp-content\/plugins\/revslider\/public\/assets\/assets\/dummy.png\" alt=\"\" class=\"tp-rs-img rs-lazyload\" width=\"2560\" height=\"1536\" data-lazyload=\"\/\/klie.com.br\/wp-content\/uploads\/2022\/09\/IMG_4838-HDR-Still2-scaled.jpg\" data-no-retina> \n\t\t\t\t\t\t\t<\/rs-layer><!--\n\n\t\t\t\t\t\t\t--><rs-layer\n\t\t\t\t\t\t\t\tid=\"slider-33-slide-78-layer-2\" \n\t\t\t\t\t\t\t\tdata-type=\"text\"\n\t\t\t\t\t\t\t\tdata-color=\"#525050\"\n\t\t\t\t\t\t\t\tdata-rsp_ch=\"on\"\n\t\t\t\t\t\t\t\tdata-xy=\"xo:50px;yo:197px,100px,100px,0;\"\n\t\t\t\t\t\t\t\tdata-text=\"w:normal;s:75,60,45,43;l:79,65,49,75;ls:20px,16px,12px,0px;\"\n\t\t\t\t\t\t\t\tdata-dim=\"w:1116px,auto,auto,auto;\"\n\t\t\t\t\t\t\t\tdata-frame_999=\"o:0;st:w;\"\n\t\t\t\t\t\t\t\tstyle=\"z-index:9;font-family:'Lato';font-weight:500;\"\n\t\t\t\t\t\t\t>COFFEE TABLES<br \/>\nAND SIDE TABLES \n\t\t\t\t\t\t\t<\/rs-layer><!--\n-->\t\t\t\t\t\t<\/rs-slide>\n\t\t\t\t\t<\/rs-slides>\n\t\t\t\t<\/rs-module>\n\t\t\t\t<script>\n\t\t\t\t\tsetREVStartSize({c: 'rev_slider_33_1',rl:[1240,1024,778,480],el:[1200,675,560,75],gw:[1240,1024,778,480],gh:[1200,675,560,75],type:'standard',justify:'',layout:'fullwidth',mh:\"0\"});if (window.RS_MODULES!==undefined && window.RS_MODULES.modules!==undefined && window.RS_MODULES.modules[\"revslider331\"]!==undefined) {window.RS_MODULES.modules[\"revslider331\"].once = false;window.revapi33 = undefined;if (window.RS_MODULES.checkMinimal!==undefined) window.RS_MODULES.checkMinimal()}\n\t\t\t\t<\/script>\n\t\t\t<\/rs-module-wrap>\n\t\t\t<!-- END REVOLUTION SLIDER -->\n<\/div><\/div><\/div><\/div><div class=\"vc_row wpb_row vc_row-fluid\" ><div class=\"wpb_column vc_column_container vc_col-sm-12\"><div class=\"vc_column-inner\"><div class=\"wpb_wrapper\"><div class=\"qodef-elements-holder   qodef-one-column  qodef-responsive-mode-768\" ><div class=\"qodef-eh-item\"  data-item-class=\"qodef-eh-custom-1241\" data-681-768=\"110px 9% 50px\" data-680=\"70px 9% 70px\">\n\t<div class=\"qodef-eh-item-inner\">\n\t\t<div class=\"qodef-eh-item-content qodef-eh-custom-1241\" style=\"padding: 180px 9% 80px\">\n\t\t\t\n\t<div class=\"wpb_text_column wpb_content_element\" >\n\t\t<div class=\"wpb_wrapper\">\n\t\t\t<p class=\"klie-section-text\">Short and discreet or elongated and striking, the side and side tables are essential objects in work or home environments. They are pieces that complement the functionality of a space and connect elements of furniture, giving a final touch to the decoration.<\/p>\n\n\t\t<\/div>\n\t<\/div>\n\t\t<\/div>\n\t<\/div>\n<\/div><\/div><\/div><\/div><\/div><\/div><div class=\"vc_row wpb_row vc_row-fluid\" ><div class=\"wpb_column vc_column_container vc_col-sm-12\"><div class=\"vc_column-inner\"><div class=\"wpb_wrapper\"><div class=\"qodef-elements-holder   qodef-one-column  qodef-responsive-mode-768\" ><div class=\"qodef-eh-item\"  data-item-class=\"qodef-eh-custom-8506\" data-769-1024=\"40px 0 120px\" data-681-768=\"0 0 55px\" data-680=\"0 0 75px\">\n\t<div class=\"qodef-eh-item-inner\">\n\t\t<div class=\"qodef-eh-item-content qodef-eh-custom-8506\" style=\"padding: 0 9% 73px\">\n\t\t\t\n\t<div class=\"wpb_raw_code wpb_content_element wpb_raw_html\" >\n\t\t<div class=\"wpb_wrapper\">\n\t\t\t<div class=\"klie-category-list\">\n\t        <div class=\"klie-category\">\n        <a\n          class=\"klie-category-a\"\n          itemprop=\"url\"\n          href=\"https:\/\/klie.com.br\/en\/mesa-centro-linde\/\"\n          target=\"_self\"\n        >\n          <img\n            width=\"350\"\n            height=\"350\"\n            src=\"https:\/\/klie.com.br\/wp-content\/uploads\/2022\/09\/MesaCentroLinde_1x1_min.jpg\"\n          \/>\n          <p class=\"klie-section-text\">LINDE COFFEE TABLE SET<\/p>\n        <\/a>\n      <\/div>\n\n      <div class=\"klie-category\">\n        <a\n          class=\"klie-category-a\"\n          itemprop=\"url\"\n          href=\"https:\/\/klie.com.br\/en\/mesa-centro-evo\/\"\n          target=\"_self\"\n        >\n          <img\n            width=\"350\"\n            height=\"350\"\n            src=\"https:\/\/klie.com.br\/wp-content\/uploads\/2022\/08\/MesaCentroEvo_1x1.jpg\"\n          \/>\n          <p class=\"klie-section-text\">EVO COFFEE TABLE<\/p>\n        <\/a>\n      <\/div>\n     \n        <div class=\"klie-category\">\n        <a\n          class=\"klie-category-a\"\n          itemprop=\"url\"\n          href=\"#\"\n          target=\"_self\"\n        >\n          <img\n            width=\"353\"\n            height=\"357\"\n            src=\"https:\/\/klie.com.br\/wp-content\/uploads\/2024\/03\/miniatura-mesa-lateral-orb.jpg\"\n          \/>\n          <p class=\"klie-section-text\">MESA LATERAL ORB<\/p>\n        <\/a>\n      <\/div>\n<\/div>\n\t\t<\/div>\n\t<\/div>\n\t\t<\/div>\n\t<\/div>\n<\/div><\/div><\/div><\/div><\/div><\/div>","protected":false},"excerpt":{"rendered":"MESAS DE CENTRO E LATERAIS Curtas e discretas ou alongadas e chamativas, as mesas de centro e laterais s\u00e3o objetos essenciais em ambientes de trabalho ou dom\u00e9stico. S\u00e3o pe\u00e7as que complementam a funcionalidade de um espa\u00e7o e conectam elementos de [...]","protected":false},"author":9,"featured_media":0,"parent":6294,"menu_order":0,"comment_status":"closed","ping_status":"closed","template":"full-width.php","meta":{"footnotes":""},"yoast_head":"<!-- This site is optimized with the Yoast SEO plugin v22.2 - https:\/\/yoast.com\/wordpress\/plugins\/seo\/ -->\n<title>Mesas de centro e Laterais - Klie<\/title>\n<meta name=\"robots\" content=\"index, follow, max-snippet:-1, max-image-preview:large, max-video-preview:-1\" \/>\n<link rel=\"canonical\" href=\"https:\/\/klie.com.br\/en\/linha-colecao\/mesas-de-centro-e-laterais-ef\/\" \/>\n<meta property=\"og:locale\" content=\"en_US\" \/>\n<meta property=\"og:type\" content=\"article\" \/>\n<meta property=\"og:title\" content=\"Mesas de centro e Laterais - Klie\" \/>\n<meta property=\"og:url\" content=\"https:\/\/klie.com.br\/en\/linha-colecao\/mesas-de-centro-e-laterais-ef\/\" \/>\n<meta property=\"og:site_name\" content=\"Klie\" \/>\n<meta property=\"article:publisher\" content=\"https:\/\/www.facebook.com\/klieoficial\" \/>\n<meta property=\"article:modified_time\" content=\"2024-03-19T13:03:17+00:00\" \/>\n<meta name=\"twitter:card\" content=\"summary_large_image\" \/>\n<meta name=\"twitter:label1\" content=\"Est. reading time\" \/>\n\t<meta name=\"twitter:data1\" content=\"1 minute\" \/>\n<script type=\"application\/ld+json\" class=\"yoast-schema-graph\">{\"@context\":\"https:\/\/schema.org\",\"@graph\":[{\"@type\":\"WebPage\",\"@id\":\"https:\/\/klie.com.br\/linha-colecao\/mesas-de-centro-e-laterais-ef\/\",\"url\":\"https:\/\/klie.com.br\/linha-colecao\/mesas-de-centro-e-laterais-ef\/\",\"name\":\"Mesas de centro e Laterais - Klie\",\"isPartOf\":{\"@id\":\"https:\/\/klie.com.br\/#website\"},\"datePublished\":\"2024-03-15T19:11:09+00:00\",\"dateModified\":\"2024-03-19T13:03:17+00:00\",\"breadcrumb\":{\"@id\":\"https:\/\/klie.com.br\/linha-colecao\/mesas-de-centro-e-laterais-ef\/#breadcrumb\"},\"inLanguage\":\"en-US\",\"potentialAction\":[{\"@type\":\"ReadAction\",\"target\":[\"https:\/\/klie.com.br\/linha-colecao\/mesas-de-centro-e-laterais-ef\/\"]}]},{\"@type\":\"BreadcrumbList\",\"@id\":\"https:\/\/klie.com.br\/linha-colecao\/mesas-de-centro-e-laterais-ef\/#breadcrumb\",\"itemListElement\":[{\"@type\":\"ListItem\",\"position\":1,\"name\":\"Home\",\"item\":\"https:\/\/klie.com.br\/\"},{\"@type\":\"ListItem\",\"position\":2,\"name\":\"COLE\u00c7\u00c3O\",\"item\":\"https:\/\/klie.com.br\/linha-colecao\/\"},{\"@type\":\"ListItem\",\"position\":3,\"name\":\"Mesas de centro e Laterais\"}]},{\"@type\":\"WebSite\",\"@id\":\"https:\/\/klie.com.br\/#website\",\"url\":\"https:\/\/klie.com.br\/\",\"name\":\"Klie -\",\"description\":\"Detalhes que conectam!\",\"publisher\":{\"@id\":\"https:\/\/klie.com.br\/#organization\"},\"potentialAction\":[{\"@type\":\"SearchAction\",\"target\":{\"@type\":\"EntryPoint\",\"urlTemplate\":\"https:\/\/klie.com.br\/?s={search_term_string}\"},\"query-input\":\"required name=search_term_string\"}],\"inLanguage\":\"en-US\"},{\"@type\":\"Organization\",\"@id\":\"https:\/\/klie.com.br\/#organization\",\"name\":\"Klie\",\"url\":\"https:\/\/klie.com.br\/\",\"logo\":{\"@type\":\"ImageObject\",\"inLanguage\":\"en-US\",\"@id\":\"https:\/\/klie.com.br\/#\/schema\/logo\/image\/\",\"url\":\"https:\/\/klie.com.br\/wp-content\/uploads\/2020\/06\/Artboard-2-2.png\",\"contentUrl\":\"https:\/\/klie.com.br\/wp-content\/uploads\/2020\/06\/Artboard-2-2.png\",\"width\":97,\"height\":41,\"caption\":\"Klie\"},\"image\":{\"@id\":\"https:\/\/klie.com.br\/#\/schema\/logo\/image\/\"},\"sameAs\":[\"https:\/\/www.facebook.com\/klieoficial\",\"https:\/\/www.instagram.com\/klieoficial\/\"]}]}<\/script>\n<!-- \/ Yoast SEO plugin. -->","yoast_head_json":{"title":"Mesas de centro e Laterais - Klie","robots":{"index":"index","follow":"follow","max-snippet":"max-snippet:-1","max-image-preview":"max-image-preview:large","max-video-preview":"max-video-preview:-1"},"canonical":"https:\/\/klie.com.br\/en\/linha-colecao\/mesas-de-centro-e-laterais-ef\/","og_locale":"en_US","og_type":"article","og_title":"Mesas de centro e Laterais - Klie","og_url":"https:\/\/klie.com.br\/en\/linha-colecao\/mesas-de-centro-e-laterais-ef\/","og_site_name":"Klie","article_publisher":"https:\/\/www.facebook.com\/klieoficial","article_modified_time":"2024-03-19T13:03:17+00:00","twitter_card":"summary_large_image","twitter_misc":{"Est. reading time":"1 minute"},"schema":{"@context":"https:\/\/schema.org","@graph":[{"@type":"WebPage","@id":"https:\/\/klie.com.br\/linha-colecao\/mesas-de-centro-e-laterais-ef\/","url":"https:\/\/klie.com.br\/linha-colecao\/mesas-de-centro-e-laterais-ef\/","name":"Mesas de centro e Laterais - Klie","isPartOf":{"@id":"https:\/\/klie.com.br\/#website"},"datePublished":"2024-03-15T19:11:09+00:00","dateModified":"2024-03-19T13:03:17+00:00","breadcrumb":{"@id":"https:\/\/klie.com.br\/linha-colecao\/mesas-de-centro-e-laterais-ef\/#breadcrumb"},"inLanguage":"en-US","potentialAction":[{"@type":"ReadAction","target":["https:\/\/klie.com.br\/linha-colecao\/mesas-de-centro-e-laterais-ef\/"]}]},{"@type":"BreadcrumbList","@id":"https:\/\/klie.com.br\/linha-colecao\/mesas-de-centro-e-laterais-ef\/#breadcrumb","itemListElement":[{"@type":"ListItem","position":1,"name":"Home","item":"https:\/\/klie.com.br\/"},{"@type":"ListItem","position":2,"name":"COLE\u00c7\u00c3O","item":"https:\/\/klie.com.br\/linha-colecao\/"},{"@type":"ListItem","position":3,"name":"Mesas de centro e Laterais"}]},{"@type":"WebSite","@id":"https:\/\/klie.com.br\/#website","url":"https:\/\/klie.com.br\/","name":"Klie -","description":"Detalhes que conectam!","publisher":{"@id":"https:\/\/klie.com.br\/#organization"},"potentialAction":[{"@type":"SearchAction","target":{"@type":"EntryPoint","urlTemplate":"https:\/\/klie.com.br\/?s={search_term_string}"},"query-input":"required name=search_term_string"}],"inLanguage":"en-US"},{"@type":"Organization","@id":"https:\/\/klie.com.br\/#organization","name":"Klie","url":"https:\/\/klie.com.br\/","logo":{"@type":"ImageObject","inLanguage":"en-US","@id":"https:\/\/klie.com.br\/#\/schema\/logo\/image\/","url":"https:\/\/klie.com.br\/wp-content\/uploads\/2020\/06\/Artboard-2-2.png","contentUrl":"https:\/\/klie.com.br\/wp-content\/uploads\/2020\/06\/Artboard-2-2.png","width":97,"height":41,"caption":"Klie"},"image":{"@id":"https:\/\/klie.com.br\/#\/schema\/logo\/image\/"},"sameAs":["https:\/\/www.facebook.com\/klieoficial","https:\/\/www.instagram.com\/klieoficial\/"]}]}},"_links":{"self":[{"href":"https:\/\/klie.com.br\/en\/wp-json\/wp\/v2\/pages\/6326"}],"collection":[{"href":"https:\/\/klie.com.br\/en\/wp-json\/wp\/v2\/pages"}],"about":[{"href":"https:\/\/klie.com.br\/en\/wp-json\/wp\/v2\/types\/page"}],"author":[{"embeddable":true,"href":"https:\/\/klie.com.br\/en\/wp-json\/wp\/v2\/users\/9"}],"replies":[{"embeddable":true,"href":"https:\/\/klie.com.br\/en\/wp-json\/wp\/v2\/comments?post=6326"}],"version-history":[{"count":3,"href":"https:\/\/klie.com.br\/en\/wp-json\/wp\/v2\/pages\/6326\/revisions"}],"predecessor-version":[{"id":6355,"href":"https:\/\/klie.com.br\/en\/wp-json\/wp\/v2\/pages\/6326\/revisions\/6355"}],"up":[{"embeddable":true,"href":"https:\/\/klie.com.br\/en\/wp-json\/wp\/v2\/pages\/6294"}],"wp:attachment":[{"href":"https:\/\/klie.com.br\/en\/wp-json\/wp\/v2\/media?parent=6326"}],"curies":[{"name":"wp","href":"https:\/\/api.w.org\/{rel}","templated":true}]}}