{"id":6316,"date":"2024-03-15T11:30:47","date_gmt":"2024-03-15T14:30:47","guid":{"rendered":"https:\/\/klie.com.br\/?page_id=6316"},"modified":"2024-03-15T11:44:42","modified_gmt":"2024-03-15T14:44:42","slug":"camas-klie","status":"publish","type":"page","link":"https:\/\/klie.com.br\/en\/linha-klie\/camas-klie\/","title":{"rendered":"Camas"},"content":{"rendered":"<div class=\"vc_row wpb_row vc_row-fluid\" ><div class=\"wpb_column vc_column_container vc_col-sm-12\"><div class=\"vc_column-inner\"><div class=\"wpb_wrapper\">\n\t\t\t<!-- START CAMAS REVOLUTION SLIDER 6.6.20 --><p class=\"rs-p-wp-fix\"><\/p>\n\t\t\t<rs-module-wrap id=\"rev_slider_53_1_wrapper\" data-source=\"gallery\" style=\"visibility:hidden;background:transparent;padding:0;margin:0px auto;margin-top:0;margin-bottom:0;\">\n\t\t\t\t<rs-module id=\"rev_slider_53_1\" style=\"\" data-version=\"6.6.20\">\n\t\t\t\t\t<rs-slides style=\"overflow: hidden; position: absolute;\">\n\t\t\t\t\t\t<rs-slide style=\"position: absolute;\" data-key=\"rs-147\" data-title=\"Slide\" data-anim=\"ms:600;r:0;\" data-in=\"o:0;\" data-out=\"a:false;\" data-color='light'>\n\t\t\t\t\t\t\t<img src=\"\/\/klie.com.br\/wp-content\/plugins\/revslider\/public\/assets\/assets\/dummy.png\" alt=\"Slide\" title=\"Edel\" width=\"2560\" height=\"1380\" class=\"rev-slidebg tp-rs-img rs-lazyload\" data-lazyload=\"\/\/klie.com.br\/wp-content\/plugins\/revslider\/public\/assets\/assets\/transparent.png\" data-bg=\"p:left center;\" data-parallax=\"5\" data-no-retina>\n<!--\n\t\t\t\t\t\t\t--><rs-layer\n\t\t\t\t\t\t\t\tid=\"slider-53-slide-147-layer-0\" \n\t\t\t\t\t\t\t\tdata-type=\"image\"\n\t\t\t\t\t\t\t\tdata-rsp_ch=\"on\"\n\t\t\t\t\t\t\t\tdata-xy=\"xo:-161px,-70px,-10px,-5px;yo:-50px,-151px,-49px,-92px;\"\n\t\t\t\t\t\t\t\tdata-text=\"w:normal;s:20,12,9,5;l:0,16,12,7;\"\n\t\t\t\t\t\t\t\tdata-dim=\"w:1920px,1099px,788px,486px;h:1356px,776px,557px,343px;\"\n\t\t\t\t\t\t\t\tdata-vbility=\"t,t,t,f\"\n\t\t\t\t\t\t\t\tdata-frame_999=\"o:0;st:w;\"\n\t\t\t\t\t\t\t\tstyle=\"z-index:8;\"\n\t\t\t\t\t\t\t><img src=\"\/\/klie.com.br\/wp-content\/plugins\/revslider\/public\/assets\/assets\/dummy.png\" alt=\"\" class=\"tp-rs-img rs-lazyload\" width=\"2560\" height=\"1808\" data-lazyload=\"\/\/klie.com.br\/wp-content\/uploads\/2021\/03\/Header-Cama_Belim_04-scaled.jpg\" data-no-retina> \n\t\t\t\t\t\t\t<\/rs-layer><!--\n\n\t\t\t\t\t\t\t--><rs-layer\n\t\t\t\t\t\t\t\tid=\"slider-53-slide-147-layer-1\" \n\t\t\t\t\t\t\t\tdata-type=\"text\"\n\t\t\t\t\t\t\t\tdata-color=\"#525050\"\n\t\t\t\t\t\t\t\tdata-rsp_ch=\"on\"\n\t\t\t\t\t\t\t\tdata-xy=\"xo:19px,50px,50px,50px;yo:175px,100px,100px,0;\"\n\t\t\t\t\t\t\t\tdata-text=\"w:normal;s:83,60,45,43;l:109,69,52,75;ls:21,13,9,5;\"\n\t\t\t\t\t\t\t\tdata-dim=\"minh:0,none,none,none;\"\n\t\t\t\t\t\t\t\tdata-frame_999=\"o:0;st:w;\"\n\t\t\t\t\t\t\t\tstyle=\"z-index:9;font-family:'Lato';font-weight:500;\"\n\t\t\t\t\t\t\t><div>BEDS<div> \n\t\t\t\t\t\t\t<\/rs-layer><!--\n-->\t\t\t\t\t\t<\/rs-slide>\n\t\t\t\t\t<\/rs-slides>\n\t\t\t\t\t<rs-static-layers><!--\n\t\t\t\t\t--><\/rs-static-layers>\n\t\t\t\t<\/rs-module>\n\t\t\t\t<script>\n\t\t\t\t\tsetREVStartSize({c: 'rev_slider_53_1',rl:[1240,1024,778,480],el:[1050,600,500,75],gw:[1600,1024,778,480],gh:[1050,600,500,75],type:'standard',justify:'',layout:'fullwidth',mh:\"0\"});if (window.RS_MODULES!==undefined && window.RS_MODULES.modules!==undefined && window.RS_MODULES.modules[\"revslider531\"]!==undefined) {window.RS_MODULES.modules[\"revslider531\"].once = false;window.revapi53 = undefined;if (window.RS_MODULES.checkMinimal!==undefined) window.RS_MODULES.checkMinimal()}\n\t\t\t\t<\/script>\n\t\t\t<\/rs-module-wrap>\n\t\t\t<!-- END REVOLUTION SLIDER -->\n<\/div><\/div><\/div><\/div><div class=\"vc_row wpb_row vc_row-fluid\" ><div class=\"wpb_column vc_column_container vc_col-sm-12\"><div class=\"vc_column-inner\"><div class=\"wpb_wrapper\"><div class=\"qodef-elements-holder   qodef-one-column  qodef-responsive-mode-768\" ><div class=\"qodef-eh-item\"  data-item-class=\"qodef-eh-custom-2026\" data-681-768=\"110px 9% 50px\" data-680=\"70px 9% 70px\">\n\t<div class=\"qodef-eh-item-inner\">\n\t\t<div class=\"qodef-eh-item-content qodef-eh-custom-2026\" style=\"padding: 180px 9% 80px\">\n\t\t\t\n\t<div class=\"wpb_text_column wpb_content_element\" >\n\t\t<div class=\"wpb_wrapper\">\n\t\t\t<p class=\"klie-section-text\">When choosing a bed, it is necessary, first, to know the measurements of the space where the furniture will be placed, avoiding choices of incorrect dimensions. The bed is an element of presence in a room and its structure decisively influences the aesthetics, functionality, and mobility of the environment. Having a piece of furniture in close contact with the body, as is the case with beds, chooses this object something important and must be done with great care. A room is not only a space dedicated to sleep, but in general, dedicated to moments of relaxation, and it is on the bed that we lie down at any time of the day, sleep or simply relax watching movies or reading a book, or even working on tablets or computers.<\/p>\n\n\t\t<\/div>\n\t<\/div>\n\t\t<\/div>\n\t<\/div>\n<\/div><\/div><\/div><\/div><\/div><\/div><div class=\"vc_row wpb_row vc_row-fluid\" ><div class=\"wpb_column vc_column_container vc_col-sm-12\"><div class=\"vc_column-inner\"><div class=\"wpb_wrapper\"><div class=\"qodef-elements-holder   qodef-one-column  qodef-responsive-mode-768\" ><div class=\"qodef-eh-item\"  data-item-class=\"qodef-eh-custom-5353\" data-769-1024=\"40px 0 120px\" data-681-768=\"0 0 55px\" data-680=\"0 0 75px\">\n\t<div class=\"qodef-eh-item-inner\">\n\t\t<div class=\"qodef-eh-item-content qodef-eh-custom-5353\" style=\"padding: 0 9% 73px\">\n\t\t\t\n\t<div class=\"wpb_raw_code wpb_content_element wpb_raw_html\" >\n\t\t<div class=\"wpb_wrapper\">\n\t\t\t<div class=\"klie-category-list\">\n\t        <div class=\"klie-category\">\n        <a\n          class=\"klie-category-a\"\n          itemprop=\"url\"\n          href=\"https:\/\/klie.com.br\/en\/cama-dunas\/\"\n          target=\"_self\"\n        >\n          <img\n            width=\"353\"\n            height=\"357\"\n            src=\"https:\/\/klie.com.br\/wp-content\/uploads\/2022\/10\/Miniatura-Cama-Dunas.jpg\"\n          \/>\n          <p class=\"klie-section-text\">CAMA DUNAS<\/p>\n        <\/a>\n      <\/div>\n<\/div>\n\t\t<\/div>\n\t<\/div>\n\t\t<\/div>\n\t<\/div>\n<\/div><\/div><\/div><\/div><\/div><\/div>","protected":false},"excerpt":{"rendered":"CAMAS Quando escolhemos uma cama \u00e9 necess\u00e1rio, primeiramente, conhecer as medidas do espa\u00e7o onde ser\u00e1 colocado o m\u00f3vel, evitando escolhas de dimens\u00f5es incorretas. A cama \u00e9 um elemento de presen\u00e7a marcante em um quarto e sua estrutura influencia decisivamente na [...]","protected":false},"author":9,"featured_media":0,"parent":6283,"menu_order":0,"comment_status":"closed","ping_status":"closed","template":"full-width.php","meta":{"footnotes":""},"yoast_head":"<!-- This site is optimized with the Yoast SEO plugin v22.2 - https:\/\/yoast.com\/wordpress\/plugins\/seo\/ -->\n<title>Camas - Klie<\/title>\n<meta name=\"robots\" content=\"index, follow, max-snippet:-1, max-image-preview:large, max-video-preview:-1\" \/>\n<link rel=\"canonical\" href=\"https:\/\/klie.com.br\/en\/linha-klie\/camas-klie\/\" \/>\n<meta property=\"og:locale\" content=\"en_US\" \/>\n<meta property=\"og:type\" content=\"article\" \/>\n<meta property=\"og:title\" content=\"Camas - Klie\" \/>\n<meta property=\"og:url\" content=\"https:\/\/klie.com.br\/en\/linha-klie\/camas-klie\/\" \/>\n<meta property=\"og:site_name\" content=\"Klie\" \/>\n<meta property=\"article:publisher\" content=\"https:\/\/www.facebook.com\/klieoficial\" \/>\n<meta property=\"article:modified_time\" content=\"2024-03-15T14:44:42+00:00\" \/>\n<meta name=\"twitter:card\" content=\"summary_large_image\" \/>\n<meta name=\"twitter:label1\" content=\"Est. reading time\" \/>\n\t<meta name=\"twitter:data1\" content=\"1 minute\" \/>\n<script type=\"application\/ld+json\" class=\"yoast-schema-graph\">{\"@context\":\"https:\/\/schema.org\",\"@graph\":[{\"@type\":\"WebPage\",\"@id\":\"https:\/\/klie.com.br\/linha-klie\/camas-klie\/\",\"url\":\"https:\/\/klie.com.br\/linha-klie\/camas-klie\/\",\"name\":\"Camas - Klie\",\"isPartOf\":{\"@id\":\"https:\/\/klie.com.br\/#website\"},\"datePublished\":\"2024-03-15T14:30:47+00:00\",\"dateModified\":\"2024-03-15T14:44:42+00:00\",\"breadcrumb\":{\"@id\":\"https:\/\/klie.com.br\/linha-klie\/camas-klie\/#breadcrumb\"},\"inLanguage\":\"en-US\",\"potentialAction\":[{\"@type\":\"ReadAction\",\"target\":[\"https:\/\/klie.com.br\/linha-klie\/camas-klie\/\"]}]},{\"@type\":\"BreadcrumbList\",\"@id\":\"https:\/\/klie.com.br\/linha-klie\/camas-klie\/#breadcrumb\",\"itemListElement\":[{\"@type\":\"ListItem\",\"position\":1,\"name\":\"Home\",\"item\":\"https:\/\/klie.com.br\/\"},{\"@type\":\"ListItem\",\"position\":2,\"name\":\"Linha Klie\",\"item\":\"https:\/\/klie.com.br\/linha-klie\/\"},{\"@type\":\"ListItem\",\"position\":3,\"name\":\"Camas\"}]},{\"@type\":\"WebSite\",\"@id\":\"https:\/\/klie.com.br\/#website\",\"url\":\"https:\/\/klie.com.br\/\",\"name\":\"Klie -\",\"description\":\"Detalhes que conectam!\",\"publisher\":{\"@id\":\"https:\/\/klie.com.br\/#organization\"},\"potentialAction\":[{\"@type\":\"SearchAction\",\"target\":{\"@type\":\"EntryPoint\",\"urlTemplate\":\"https:\/\/klie.com.br\/?s={search_term_string}\"},\"query-input\":\"required name=search_term_string\"}],\"inLanguage\":\"en-US\"},{\"@type\":\"Organization\",\"@id\":\"https:\/\/klie.com.br\/#organization\",\"name\":\"Klie\",\"url\":\"https:\/\/klie.com.br\/\",\"logo\":{\"@type\":\"ImageObject\",\"inLanguage\":\"en-US\",\"@id\":\"https:\/\/klie.com.br\/#\/schema\/logo\/image\/\",\"url\":\"https:\/\/klie.com.br\/wp-content\/uploads\/2020\/06\/Artboard-2-2.png\",\"contentUrl\":\"https:\/\/klie.com.br\/wp-content\/uploads\/2020\/06\/Artboard-2-2.png\",\"width\":97,\"height\":41,\"caption\":\"Klie\"},\"image\":{\"@id\":\"https:\/\/klie.com.br\/#\/schema\/logo\/image\/\"},\"sameAs\":[\"https:\/\/www.facebook.com\/klieoficial\",\"https:\/\/www.instagram.com\/klieoficial\/\"]}]}<\/script>\n<!-- \/ Yoast SEO plugin. -->","yoast_head_json":{"title":"Camas - Klie","robots":{"index":"index","follow":"follow","max-snippet":"max-snippet:-1","max-image-preview":"max-image-preview:large","max-video-preview":"max-video-preview:-1"},"canonical":"https:\/\/klie.com.br\/en\/linha-klie\/camas-klie\/","og_locale":"en_US","og_type":"article","og_title":"Camas - Klie","og_url":"https:\/\/klie.com.br\/en\/linha-klie\/camas-klie\/","og_site_name":"Klie","article_publisher":"https:\/\/www.facebook.com\/klieoficial","article_modified_time":"2024-03-15T14:44:42+00:00","twitter_card":"summary_large_image","twitter_misc":{"Est. reading time":"1 minute"},"schema":{"@context":"https:\/\/schema.org","@graph":[{"@type":"WebPage","@id":"https:\/\/klie.com.br\/linha-klie\/camas-klie\/","url":"https:\/\/klie.com.br\/linha-klie\/camas-klie\/","name":"Camas - Klie","isPartOf":{"@id":"https:\/\/klie.com.br\/#website"},"datePublished":"2024-03-15T14:30:47+00:00","dateModified":"2024-03-15T14:44:42+00:00","breadcrumb":{"@id":"https:\/\/klie.com.br\/linha-klie\/camas-klie\/#breadcrumb"},"inLanguage":"en-US","potentialAction":[{"@type":"ReadAction","target":["https:\/\/klie.com.br\/linha-klie\/camas-klie\/"]}]},{"@type":"BreadcrumbList","@id":"https:\/\/klie.com.br\/linha-klie\/camas-klie\/#breadcrumb","itemListElement":[{"@type":"ListItem","position":1,"name":"Home","item":"https:\/\/klie.com.br\/"},{"@type":"ListItem","position":2,"name":"Linha Klie","item":"https:\/\/klie.com.br\/linha-klie\/"},{"@type":"ListItem","position":3,"name":"Camas"}]},{"@type":"WebSite","@id":"https:\/\/klie.com.br\/#website","url":"https:\/\/klie.com.br\/","name":"Klie -","description":"Detalhes que conectam!","publisher":{"@id":"https:\/\/klie.com.br\/#organization"},"potentialAction":[{"@type":"SearchAction","target":{"@type":"EntryPoint","urlTemplate":"https:\/\/klie.com.br\/?s={search_term_string}"},"query-input":"required name=search_term_string"}],"inLanguage":"en-US"},{"@type":"Organization","@id":"https:\/\/klie.com.br\/#organization","name":"Klie","url":"https:\/\/klie.com.br\/","logo":{"@type":"ImageObject","inLanguage":"en-US","@id":"https:\/\/klie.com.br\/#\/schema\/logo\/image\/","url":"https:\/\/klie.com.br\/wp-content\/uploads\/2020\/06\/Artboard-2-2.png","contentUrl":"https:\/\/klie.com.br\/wp-content\/uploads\/2020\/06\/Artboard-2-2.png","width":97,"height":41,"caption":"Klie"},"image":{"@id":"https:\/\/klie.com.br\/#\/schema\/logo\/image\/"},"sameAs":["https:\/\/www.facebook.com\/klieoficial","https:\/\/www.instagram.com\/klieoficial\/"]}]}},"_links":{"self":[{"href":"https:\/\/klie.com.br\/en\/wp-json\/wp\/v2\/pages\/6316"}],"collection":[{"href":"https:\/\/klie.com.br\/en\/wp-json\/wp\/v2\/pages"}],"about":[{"href":"https:\/\/klie.com.br\/en\/wp-json\/wp\/v2\/types\/page"}],"author":[{"embeddable":true,"href":"https:\/\/klie.com.br\/en\/wp-json\/wp\/v2\/users\/9"}],"replies":[{"embeddable":true,"href":"https:\/\/klie.com.br\/en\/wp-json\/wp\/v2\/comments?post=6316"}],"version-history":[{"count":2,"href":"https:\/\/klie.com.br\/en\/wp-json\/wp\/v2\/pages\/6316\/revisions"}],"predecessor-version":[{"id":6321,"href":"https:\/\/klie.com.br\/en\/wp-json\/wp\/v2\/pages\/6316\/revisions\/6321"}],"up":[{"embeddable":true,"href":"https:\/\/klie.com.br\/en\/wp-json\/wp\/v2\/pages\/6283"}],"wp:attachment":[{"href":"https:\/\/klie.com.br\/en\/wp-json\/wp\/v2\/media?parent=6316"}],"curies":[{"name":"wp","href":"https:\/\/api.w.org\/{rel}","templated":true}]}}