{"id":5827,"date":"2022-08-30T14:16:14","date_gmt":"2022-08-30T14:16:14","guid":{"rendered":"https:\/\/klie.com.br\/?page_id=5827"},"modified":"2022-11-08T16:50:38","modified_gmt":"2022-11-08T16:50:38","slug":"colecao-lexico","status":"publish","type":"page","link":"https:\/\/klie.com.br\/en\/colecao-lexico\/","title":{"rendered":"Cole\u00e7\u00e3o L\u00e9xico"},"content":{"rendered":"<div class=\"vc_row wpb_row vc_row-fluid\" ><div class=\"wpb_column vc_column_container vc_col-sm-12\"><div class=\"vc_column-inner\"><div class=\"wpb_wrapper\">\n\t\t\t<!-- START Cole\u00e7\u00e3o L\u00e9xico Header REVOLUTION SLIDER 6.6.20 --><p class=\"rs-p-wp-fix\"><\/p>\n\t\t\t<rs-module-wrap id=\"rev_slider_98_1_wrapper\" data-source=\"gallery\" style=\"visibility:hidden;background:transparent;padding:0;margin:0px auto;margin-top:0;margin-bottom:0;\">\n\t\t\t\t<rs-module id=\"rev_slider_98_1\" style=\"\" data-version=\"6.6.20\">\n\t\t\t\t\t<rs-slides style=\"overflow: hidden; position: absolute;\">\n\t\t\t\t\t\t<rs-slide style=\"position: absolute;\" data-key=\"rs-340\" data-title=\"Slide\" data-anim=\"ms:600;r:0;\" data-in=\"o:0;\" data-out=\"a:false;\" data-color='light'>\n\t\t\t\t\t\t\t<img src=\"\/\/klie.com.br\/wp-content\/plugins\/revslider\/public\/assets\/assets\/dummy.png\" alt=\"Slide\" title=\"Edel\" width=\"2560\" height=\"1380\" class=\"rev-slidebg tp-rs-img rs-lazyload\" data-lazyload=\"\/\/klie.com.br\/wp-content\/plugins\/revslider\/public\/assets\/assets\/transparent.png\" data-bg=\"p:left center;\" data-parallax=\"5\" data-no-retina>\n<!--\n\t\t\t\t\t\t\t--><rs-layer\n\t\t\t\t\t\t\t\tid=\"slider-98-slide-340-layer-0\" \n\t\t\t\t\t\t\t\tdata-type=\"image\"\n\t\t\t\t\t\t\t\tdata-rsp_ch=\"on\"\n\t\t\t\t\t\t\t\tdata-xy=\"xo:-283px,-131px,-174px,-98px;yo:218px,-1px,2px,2px;\"\n\t\t\t\t\t\t\t\tdata-text=\"w:normal;s:20,12,9,5;l:0,16,12,7;\"\n\t\t\t\t\t\t\t\tdata-dim=\"w:2247px,1605px,1260px,777px;h:1264px,903px,709px,437px;\"\n\t\t\t\t\t\t\t\tdata-vbility=\"t,t,t,f\"\n\t\t\t\t\t\t\t\tdata-frame_999=\"o:0;st:w;\"\n\t\t\t\t\t\t\t\tstyle=\"z-index:5;\"\n\t\t\t\t\t\t\t><img src=\"\/\/klie.com.br\/wp-content\/plugins\/revslider\/public\/assets\/assets\/dummy.png\" alt=\"\" class=\"tp-rs-img rs-lazyload\" width=\"2560\" height=\"1440\" data-lazyload=\"\/\/klie.com.br\/wp-content\/uploads\/2022\/09\/Colecao_Lexico_1.jpg\" data-no-retina> \n\t\t\t\t\t\t\t<\/rs-layer><!--\n\n\t\t\t\t\t\t\t--><rs-layer\n\t\t\t\t\t\t\t\tid=\"slider-98-slide-340-layer-2\" \n\t\t\t\t\t\t\t\tdata-type=\"text\"\n\t\t\t\t\t\t\t\tdata-color=\"#525050\"\n\t\t\t\t\t\t\t\tdata-rsp_ch=\"on\"\n\t\t\t\t\t\t\t\tdata-xy=\"xo:57px,101px,67px,50px;yo:69px,66px,76px,20px;\"\n\t\t\t\t\t\t\t\tdata-text=\"w:normal;s:75,60,45,36;l:79,50,37,75;ls:20px,12px,9px,0px;\"\n\t\t\t\t\t\t\t\tdata-frame_999=\"o:0;st:w;\"\n\t\t\t\t\t\t\t\tstyle=\"z-index:9;font-family:'Lato';font-weight:500;\"\n\t\t\t\t\t\t\t>L\u00c9XICO COLLECTION \n\t\t\t\t\t\t\t<\/rs-layer><!--\n-->\t\t\t\t\t\t<\/rs-slide>\n\t\t\t\t\t<\/rs-slides>\n\t\t\t\t<\/rs-module>\n\t\t\t\t<script>\n\t\t\t\t\tsetREVStartSize({c: 'rev_slider_98_1',rl:[1240,1024,778,480],el:[1400,900,700,75],gw:[1600,1024,778,480],gh:[1400,900,700,75],type:'standard',justify:'',layout:'fullwidth',mh:\"0\"});if (window.RS_MODULES!==undefined && window.RS_MODULES.modules!==undefined && window.RS_MODULES.modules[\"revslider981\"]!==undefined) {window.RS_MODULES.modules[\"revslider981\"].once = false;window.revapi98 = undefined;if (window.RS_MODULES.checkMinimal!==undefined) window.RS_MODULES.checkMinimal()}\n\t\t\t\t<\/script>\n\t\t\t<\/rs-module-wrap>\n\t\t\t<!-- END REVOLUTION SLIDER -->\n<\/div><\/div><\/div><\/div><div class=\"vc_row wpb_row vc_row-fluid\" ><div class=\"wpb_column vc_column_container vc_col-sm-12\"><div class=\"vc_column-inner\"><div class=\"wpb_wrapper\"><div class=\"qodef-elements-holder   qodef-one-column  qodef-responsive-mode-768\" ><div class=\"qodef-eh-item\"  data-item-class=\"qodef-eh-custom-7163\" data-681-768=\"50px 0 50px\" data-680=\"50px 0 50px\">\n\t<div class=\"qodef-eh-item-inner\">\n\t\t<div class=\"qodef-eh-item-content qodef-eh-custom-7163\" style=\"padding: 200px 0 0 0\">\n\t\t\t<div class=\"qodef-section-title-holder klie-letter-spacing-10 qodef-st-standard qodef-st-title-left qodef-st-normal-space\" style=\"padding: 0 60px 0 60px;text-align: center\">\n\t<div class=\"qodef-st-inner\">\n\t\t\t\t\t<h2 class=\"qodef-st-title\" >\n\t\t\t\tPRODUCTS\t\t\t<\/h2>\n\t\t\t\t\t<\/div>\n<\/div>\t\t<\/div>\n\t<\/div>\n<\/div><\/div>\n\t<div class=\"wpb_raw_code wpb_content_element wpb_raw_html\" >\n\t\t<div class=\"wpb_wrapper\">\n\t\t\t<div class=\"klie-category-list\">\n      <div class=\"klie-category\">\n        <a\n          class=\"klie-category-a\"\n          itemprop=\"url\"\n          href=\"https:\/\/klie.com.br\/en\/mesa-centro-evo\/\"\n          target=\"_self\"\n        >\n          <img\n            width=\"350\"\n            height=\"350\"\n            src=\"https:\/\/klie.com.br\/wp-content\/uploads\/2022\/08\/MesaCentroEvo_1x1.jpg\"\n          \/>\n          <p class=\"klie-section-text\">EVO COFFEE TABLE<\/p>\n        <\/a>\n      <\/div>\n\n      <div class=\"klie-category\">\n        <a\n          class=\"klie-category-a\"\n          itemprop=\"url\"\n          href=\"https:\/\/klie.com.br\/en\/mesa-jantar-evo\/\"\n          target=\"_self\"\n        >\n          <img\n            width=\"350\"\n            height=\"350\"\n            src=\"https:\/\/klie.com.br\/wp-content\/uploads\/2022\/08\/Mesa_Jantar_Evo1x1.jpg\"\n            class=\"attachment-large size-large\"\n            alt=\"\"\n          \/>\n          <p class=\"klie-section-text\">EVO DINING TABLE<\/p>\n        <\/a>\n      <\/div>\n\n      <div class=\"klie-category\">\n        <a\n          class=\"klie-category-a\"\n          itemprop=\"url\"\n          href=\"https:\/\/klie.com.br\/en\/sofa-evo\/\"\n          target=\"_self\"\n        >\n          <img\n            width=\"350\"\n            height=\"350\"\n            src=\"https:\/\/klie.com.br\/wp-content\/uploads\/2022\/08\/0-IMG_2920_1x1.png\"\n          \/>\n          <p class=\"klie-section-text\">EVO SOFA<\/p>\n        <\/a>\n      <\/div>\n\n\t        <div class=\"klie-category\">\n        <a\n          class=\"klie-category-a\"\n          itemprop=\"url\"\n          href=\"https:\/\/klie.com.br\/en\/poltrona-vero\/\"\n          target=\"_self\"\n        >\n          <img\n            width=\"350\"\n            height=\"350\"\n            src=\"https:\/\/klie.com.br\/wp-content\/uploads\/2022\/08\/Poltrona_Vero_1x1.png\"\n          \/>\n          <p class=\"klie-section-text\">VERO ARMCHAIR<\/p>\n        <\/a>\n      <\/div>\n\t        <div class=\"klie-category\">\n        <a\n          class=\"klie-category-a\"\n          itemprop=\"url\"\n          href=\"https:\/\/klie.com.br\/en\/mesa-centro-linde\/\"\n          target=\"_self\"\n        >\n          <img\n            width=\"350\"\n            height=\"350\"\n            src=\"https:\/\/klie.com.br\/wp-content\/uploads\/2022\/09\/MesaCentroLinde_1x1_min.jpg\"\n          \/>\n          <p class=\"klie-section-text\">LINDE COFFEE TABLE SET<\/p>\n        <\/a>\n      <\/div>\n\t        <div class=\"klie-category\">\n        <a\n          class=\"klie-category-a\"\n          itemprop=\"url\"\n          href=\"https:\/\/klie.com.br\/en\/estante-riba\/\"\n          target=\"_self\"\n        >\n          <img\n            width=\"350\"\n            height=\"350\"\n            src=\"https:\/\/klie.com.br\/wp-content\/uploads\/2022\/09\/Riba_V3_1x1_min.jpg\"\n          \/>\n          <p class=\"klie-section-text\">RIBA BOOKCASE<\/p>\n        <\/a>\n      <\/div>\n    <\/div>\n\t\t<\/div>\n\t<\/div>\n<\/div><\/div><\/div><\/div><div class=\"vc_row wpb_row vc_row-fluid\" ><div class=\"wpb_column vc_column_container vc_col-sm-12\"><div class=\"vc_column-inner\"><div class=\"wpb_wrapper\"><div class=\"qodef-elements-holder   qodef-one-column  qodef-responsive-mode-768\" ><div class=\"qodef-eh-item\"  data-item-class=\"qodef-eh-custom-7095\" data-681-768=\"0 0 130px\" data-680=\"0 0 130px\">\n\t<div class=\"qodef-eh-item-inner\">\n\t\t<div class=\"qodef-eh-item-content qodef-eh-custom-7095\" style=\"padding: 200px 0\">\n\t\t\t<div class=\"qodef-section-title-holder klie-letter-spacing-10 qodef-st-standard qodef-st-title-left qodef-st-normal-space\" style=\"padding: 0 60px 0 60px;text-align: center\">\n\t<div class=\"qodef-st-inner\">\n\t\t\t\t\t<h2 class=\"qodef-st-title\" >\n\t\t\t\tINSPIRATION\t\t\t<\/h2>\n\t\t\t\t\t\t\t<h4 class=\"qodef-st-text\" >\n\t\t\t\tAll of our products have a creative universe<br \/>\nbehind each piece. Here you can see a little of what<br \/>\ninspires our designers to design our furniture.\t\t\t<\/h4>\n\t\t\t<\/div>\n<\/div>\t\t<\/div>\n\t<\/div>\n<\/div><\/div><\/div><\/div><\/div><\/div><div class=\"vc_row wpb_row vc_row-fluid\" ><div class=\"wpb_column vc_column_container vc_col-sm-12\"><div class=\"vc_column-inner\"><div class=\"wpb_wrapper\">\n\t<div  class=\"wpb_single_image wpb_content_element vc_align_center\">\n\t\t\n\t\t<figure class=\"wpb_wrapper vc_figure\">\n\t\t\t<div class=\"vc_single_image-wrapper   vc_box_border_grey\"><img width=\"1100\" height=\"734\" src=\"https:\/\/klie.com.br\/wp-content\/uploads\/2022\/09\/Sertao_1.jpg\" class=\"vc_single_image-img attachment-large\" alt=\"\" decoding=\"async\" loading=\"lazy\" srcset=\"https:\/\/klie.com.br\/wp-content\/uploads\/2022\/09\/Sertao_1.jpg 2400w, https:\/\/klie.com.br\/wp-content\/uploads\/2022\/09\/Sertao_1-300x200.jpg 300w, https:\/\/klie.com.br\/wp-content\/uploads\/2022\/09\/Sertao_1-768x513.jpg 768w, https:\/\/klie.com.br\/wp-content\/uploads\/2022\/09\/Sertao_1-1536x1025.jpg 1536w, https:\/\/klie.com.br\/wp-content\/uploads\/2022\/09\/Sertao_1-16x12.jpg 16w\" sizes=\"(max-width: 1100px) 100vw, 1100px\" \/><\/div>\n\t\t<\/figure>\n\t<\/div>\n<div class=\"qodef-elements-holder   qodef-one-column  qodef-responsive-mode-768\" ><div class=\"qodef-eh-item\"  data-item-class=\"qodef-eh-custom-7236\" data-681-768=\"0 0 130px\" data-680=\"0 0 130px\">\n\t<div class=\"qodef-eh-item-inner\">\n\t\t<div class=\"qodef-eh-item-content qodef-eh-custom-7236\" style=\"padding: 0 9%\">\n\t\t\t\n\t<div class=\"wpb_text_column wpb_content_element\" >\n\t\t<div class=\"wpb_wrapper\">\n\t\t\t<p class=\"klie-section-text\" style=\"text-align: right;\">Dirt road in Moeda's region, Minas Gerais, Brasil.<\/p>\n\n\t\t<\/div>\n\t<\/div>\n\t\t<\/div>\n\t<\/div>\n<\/div><\/div><\/div><\/div><\/div><\/div><div class=\"vc_row wpb_row vc_row-fluid\" ><div class=\"wpb_column vc_column_container vc_col-sm-12\"><div class=\"vc_column-inner\"><div class=\"wpb_wrapper\"><div class=\"qodef-elements-holder   qodef-one-column  qodef-responsive-mode-768\" ><div class=\"qodef-eh-item\"  data-item-class=\"qodef-eh-custom-9979\">\n\t<div class=\"qodef-eh-item-inner\">\n\t\t<div class=\"qodef-eh-item-content qodef-eh-custom-9979\" style=\"padding: 60px 9% 187px\">\n\t\t\t\n\t<div class=\"wpb_text_column wpb_content_element\" >\n\t\t<div class=\"wpb_wrapper\">\n\t\t\t<p class=\"klie-section-text\">Writer, and ambassador, among other occupations, Jo\u00e3o Guimar\u00e3es was an exceptionally talented Brazilian author. Born in Codisgurgo, located in Minas Gerais\u2019 countryside, on June 27th, 1908, Rosa was passionate about orality, cataloging, and creating words just like a language alchemist. Being a master in writing themes considered transregional, Guimar\u00e3es was always able to evoke a naked realism, permeated with essential human feelings and emotions.<\/p>\n<p class=\"klie-section-text\">To the author, only one lexicon wouldn\u2019t be enough to discover his adventures. Rosa, therefore, created his own language to convey the real meaning of what he meant to express. Through his deep knowledge of the morphology and etymology of words, Guimar\u00e3es combined his sensitivity, attention to detail, and comprehension of other languages to create contexts that convey a Brazilian soul.<\/p>\n<p class=\"klie-section-text\">The L\u00e9xico Collection, which Klie launches in 2022, seeks to present a series of products that mention the book L\u00e9xico de Guimar\u00e3es Rosa, published by the University of S\u00e3o Paulo and organized by Nilce Sant\u2019Anna Martins in 2001.<\/p>\n<p class=\"klie-section-text\">Each product can be understood by its evident formal nature, however, its name configures a means to access a distinct level of comprehension and dialogue. Akin to hypertext, the name of each piece is capable of connecting us to a more sensible universe around furniture.<\/p>\n<p class=\"klie-section-text\">Just like a dictionary, the collection opens like an organization system for the words found in Guimar\u00e3es Rosa\u2019s adventures and written throughout his life. The words that name the products surpass their selection by morphological and phonetic elements (that exist and make part of the naming process), making guidelines for the shapes, materials, and processes related to the pieces that are part of the collection. Each given name henceforth influences any given aspect of the furniture they refer to in some way.<\/p>\n<p class=\"klie-section-text\">The EVO line, for example, means time, age, and endless duration; which is what directs to the use of perennial materials such as stone and steel that embody great durability and endurance.<\/p>\n<p class=\"klie-section-text\">The L\u00e9xico collection is born from uniting the tangible and intangible and allows for continuous launches and additions through time. Just like Guimar\u00e3es, who believed that life and words walk together, the collection suggests that objects and words could likewise be linked, seeing that we understand that our life and the objects we choose to surround us are equally inseparable. The L\u00e9xico collection invites one to rediscover the Brazilian soul living within them.<\/p>\n\n\t\t<\/div>\n\t<\/div>\n\t\t<\/div>\n\t<\/div>\n<\/div><\/div><\/div><\/div><\/div><\/div>","protected":false},"excerpt":{"rendered":"COLE\u00c7\u00c3O L\u00c9XICO PRODUTOS MESA DE CENTRO EVO MESA DE JANTAR EVO SOF\u00c1 EVO POLTRONA VERO MESA DE CENTRO LINDE ESTANTE RIBA INSPIRA\u00c7\u00c3O Todos os nossos produtos possuem um universo criativo por tr\u00e1s de cada pe\u00e7a. Aqui \u00e9 poss\u00edvel ver um [...]","protected":false},"author":6,"featured_media":0,"parent":0,"menu_order":0,"comment_status":"closed","ping_status":"closed","template":"full-width.php","meta":{"footnotes":""},"yoast_head":"<!-- This site is optimized with the Yoast SEO plugin v22.2 - https:\/\/yoast.com\/wordpress\/plugins\/seo\/ -->\n<title>Cole\u00e7\u00e3o L\u00e9xico - Klie<\/title>\n<meta name=\"robots\" content=\"index, follow, max-snippet:-1, max-image-preview:large, max-video-preview:-1\" \/>\n<link rel=\"canonical\" href=\"https:\/\/klie.com.br\/en\/colecao-lexico\/\" \/>\n<meta property=\"og:locale\" content=\"en_US\" \/>\n<meta property=\"og:type\" content=\"article\" \/>\n<meta property=\"og:title\" content=\"Cole\u00e7\u00e3o L\u00e9xico - Klie\" \/>\n<meta property=\"og:url\" content=\"https:\/\/klie.com.br\/en\/colecao-lexico\/\" \/>\n<meta property=\"og:site_name\" content=\"Klie\" \/>\n<meta property=\"article:publisher\" content=\"https:\/\/www.facebook.com\/klieoficial\" \/>\n<meta property=\"article:modified_time\" content=\"2022-11-08T16:50:38+00:00\" \/>\n<meta name=\"twitter:card\" content=\"summary_large_image\" \/>\n<meta name=\"twitter:label1\" content=\"Est. reading time\" \/>\n\t<meta name=\"twitter:data1\" content=\"5 minutes\" \/>\n<script type=\"application\/ld+json\" class=\"yoast-schema-graph\">{\"@context\":\"https:\/\/schema.org\",\"@graph\":[{\"@type\":\"WebPage\",\"@id\":\"https:\/\/klie.com.br\/colecao-lexico\/\",\"url\":\"https:\/\/klie.com.br\/colecao-lexico\/\",\"name\":\"Cole\u00e7\u00e3o L\u00e9xico - Klie\",\"isPartOf\":{\"@id\":\"https:\/\/klie.com.br\/#website\"},\"datePublished\":\"2022-08-30T14:16:14+00:00\",\"dateModified\":\"2022-11-08T16:50:38+00:00\",\"breadcrumb\":{\"@id\":\"https:\/\/klie.com.br\/colecao-lexico\/#breadcrumb\"},\"inLanguage\":\"en-US\",\"potentialAction\":[{\"@type\":\"ReadAction\",\"target\":[\"https:\/\/klie.com.br\/colecao-lexico\/\"]}]},{\"@type\":\"BreadcrumbList\",\"@id\":\"https:\/\/klie.com.br\/colecao-lexico\/#breadcrumb\",\"itemListElement\":[{\"@type\":\"ListItem\",\"position\":1,\"name\":\"Home\",\"item\":\"https:\/\/klie.com.br\/\"},{\"@type\":\"ListItem\",\"position\":2,\"name\":\"Cole\u00e7\u00e3o L\u00e9xico\"}]},{\"@type\":\"WebSite\",\"@id\":\"https:\/\/klie.com.br\/#website\",\"url\":\"https:\/\/klie.com.br\/\",\"name\":\"Klie -\",\"description\":\"Detalhes que conectam!\",\"publisher\":{\"@id\":\"https:\/\/klie.com.br\/#organization\"},\"potentialAction\":[{\"@type\":\"SearchAction\",\"target\":{\"@type\":\"EntryPoint\",\"urlTemplate\":\"https:\/\/klie.com.br\/?s={search_term_string}\"},\"query-input\":\"required name=search_term_string\"}],\"inLanguage\":\"en-US\"},{\"@type\":\"Organization\",\"@id\":\"https:\/\/klie.com.br\/#organization\",\"name\":\"Klie\",\"url\":\"https:\/\/klie.com.br\/\",\"logo\":{\"@type\":\"ImageObject\",\"inLanguage\":\"en-US\",\"@id\":\"https:\/\/klie.com.br\/#\/schema\/logo\/image\/\",\"url\":\"https:\/\/klie.com.br\/wp-content\/uploads\/2020\/06\/Artboard-2-2.png\",\"contentUrl\":\"https:\/\/klie.com.br\/wp-content\/uploads\/2020\/06\/Artboard-2-2.png\",\"width\":97,\"height\":41,\"caption\":\"Klie\"},\"image\":{\"@id\":\"https:\/\/klie.com.br\/#\/schema\/logo\/image\/\"},\"sameAs\":[\"https:\/\/www.facebook.com\/klieoficial\",\"https:\/\/www.instagram.com\/klieoficial\/\"]}]}<\/script>\n<!-- \/ Yoast SEO plugin. -->","yoast_head_json":{"title":"Cole\u00e7\u00e3o L\u00e9xico - Klie","robots":{"index":"index","follow":"follow","max-snippet":"max-snippet:-1","max-image-preview":"max-image-preview:large","max-video-preview":"max-video-preview:-1"},"canonical":"https:\/\/klie.com.br\/en\/colecao-lexico\/","og_locale":"en_US","og_type":"article","og_title":"Cole\u00e7\u00e3o L\u00e9xico - Klie","og_url":"https:\/\/klie.com.br\/en\/colecao-lexico\/","og_site_name":"Klie","article_publisher":"https:\/\/www.facebook.com\/klieoficial","article_modified_time":"2022-11-08T16:50:38+00:00","twitter_card":"summary_large_image","twitter_misc":{"Est. reading time":"5 minutes"},"schema":{"@context":"https:\/\/schema.org","@graph":[{"@type":"WebPage","@id":"https:\/\/klie.com.br\/colecao-lexico\/","url":"https:\/\/klie.com.br\/colecao-lexico\/","name":"Cole\u00e7\u00e3o L\u00e9xico - Klie","isPartOf":{"@id":"https:\/\/klie.com.br\/#website"},"datePublished":"2022-08-30T14:16:14+00:00","dateModified":"2022-11-08T16:50:38+00:00","breadcrumb":{"@id":"https:\/\/klie.com.br\/colecao-lexico\/#breadcrumb"},"inLanguage":"en-US","potentialAction":[{"@type":"ReadAction","target":["https:\/\/klie.com.br\/colecao-lexico\/"]}]},{"@type":"BreadcrumbList","@id":"https:\/\/klie.com.br\/colecao-lexico\/#breadcrumb","itemListElement":[{"@type":"ListItem","position":1,"name":"Home","item":"https:\/\/klie.com.br\/"},{"@type":"ListItem","position":2,"name":"Cole\u00e7\u00e3o L\u00e9xico"}]},{"@type":"WebSite","@id":"https:\/\/klie.com.br\/#website","url":"https:\/\/klie.com.br\/","name":"Klie -","description":"Detalhes que conectam!","publisher":{"@id":"https:\/\/klie.com.br\/#organization"},"potentialAction":[{"@type":"SearchAction","target":{"@type":"EntryPoint","urlTemplate":"https:\/\/klie.com.br\/?s={search_term_string}"},"query-input":"required name=search_term_string"}],"inLanguage":"en-US"},{"@type":"Organization","@id":"https:\/\/klie.com.br\/#organization","name":"Klie","url":"https:\/\/klie.com.br\/","logo":{"@type":"ImageObject","inLanguage":"en-US","@id":"https:\/\/klie.com.br\/#\/schema\/logo\/image\/","url":"https:\/\/klie.com.br\/wp-content\/uploads\/2020\/06\/Artboard-2-2.png","contentUrl":"https:\/\/klie.com.br\/wp-content\/uploads\/2020\/06\/Artboard-2-2.png","width":97,"height":41,"caption":"Klie"},"image":{"@id":"https:\/\/klie.com.br\/#\/schema\/logo\/image\/"},"sameAs":["https:\/\/www.facebook.com\/klieoficial","https:\/\/www.instagram.com\/klieoficial\/"]}]}},"_links":{"self":[{"href":"https:\/\/klie.com.br\/en\/wp-json\/wp\/v2\/pages\/5827"}],"collection":[{"href":"https:\/\/klie.com.br\/en\/wp-json\/wp\/v2\/pages"}],"about":[{"href":"https:\/\/klie.com.br\/en\/wp-json\/wp\/v2\/types\/page"}],"author":[{"embeddable":true,"href":"https:\/\/klie.com.br\/en\/wp-json\/wp\/v2\/users\/6"}],"replies":[{"embeddable":true,"href":"https:\/\/klie.com.br\/en\/wp-json\/wp\/v2\/comments?post=5827"}],"version-history":[{"count":32,"href":"https:\/\/klie.com.br\/en\/wp-json\/wp\/v2\/pages\/5827\/revisions"}],"predecessor-version":[{"id":6224,"href":"https:\/\/klie.com.br\/en\/wp-json\/wp\/v2\/pages\/5827\/revisions\/6224"}],"wp:attachment":[{"href":"https:\/\/klie.com.br\/en\/wp-json\/wp\/v2\/media?parent=5827"}],"curies":[{"name":"wp","href":"https:\/\/api.w.org\/{rel}","templated":true}]}}