{"id":5825,"date":"2022-08-30T20:12:23","date_gmt":"2022-08-30T20:12:23","guid":{"rendered":"https:\/\/klie.com.br\/?page_id=5825"},"modified":"2025-11-12T16:36:27","modified_gmt":"2025-11-12T19:36:27","slug":"mesa-centro-evo","status":"publish","type":"page","link":"https:\/\/klie.com.br\/en\/mesa-centro-evo\/","title":{"rendered":"Mesa de centro Evo"},"content":{"rendered":"<div class=\"vc_row wpb_row vc_row-fluid\" ><div class=\"wpb_column vc_column_container vc_col-sm-12\"><div class=\"vc_column-inner\"><div class=\"wpb_wrapper\">\n\t\t\t<!-- START Mesa centro Evo Header REVOLUTION SLIDER 6.6.20 --><p class=\"rs-p-wp-fix\"><\/p>\n\t\t\t<rs-module-wrap id=\"rev_slider_93_1_wrapper\" data-source=\"gallery\" style=\"visibility:hidden;background:transparent;padding:0;margin:0px auto;margin-top:0;margin-bottom:0;\">\n\t\t\t\t<rs-module id=\"rev_slider_93_1\" style=\"\" data-version=\"6.6.20\">\n\t\t\t\t\t<rs-slides style=\"overflow: hidden; position: absolute;\">\n\t\t\t\t\t\t<rs-slide style=\"position: absolute;\" data-key=\"rs-333\" data-title=\"Slide\" data-anim=\"ms:600;r:0;\" data-in=\"o:0;\" data-out=\"a:false;\" data-color='light'>\n\t\t\t\t\t\t\t<img src=\"\/\/klie.com.br\/wp-content\/plugins\/revslider\/public\/assets\/assets\/dummy.png\" alt=\"Slide\" title=\"Edel\" width=\"2560\" height=\"1380\" class=\"rev-slidebg tp-rs-img rs-lazyload\" data-lazyload=\"\/\/klie.com.br\/wp-content\/plugins\/revslider\/public\/assets\/assets\/transparent.png\" data-bg=\"p:left center;\" data-parallax=\"5\" data-no-retina>\n<!--\n\t\t\t\t\t\t\t--><rs-layer\n\t\t\t\t\t\t\t\tid=\"slider-93-slide-333-layer-0\" \n\t\t\t\t\t\t\t\tdata-type=\"image\"\n\t\t\t\t\t\t\t\tdata-rsp_ch=\"on\"\n\t\t\t\t\t\t\t\tdata-xy=\"xo:308px,-1px,0,-92px;yo:136px,-152px,-109px,-109px;\"\n\t\t\t\t\t\t\t\tdata-text=\"w:normal;s:20,12,9,5;l:0,16,12,7;\"\n\t\t\t\t\t\t\t\tdata-dim=\"w:1683px,1077px,775px,478px;h:1262px,807px,775px,478px;\"\n\t\t\t\t\t\t\t\tdata-vbility=\"t,t,t,f\"\n\t\t\t\t\t\t\t\tdata-frame_999=\"o:0;st:w;\"\n\t\t\t\t\t\t\t\tstyle=\"z-index:5;\"\n\t\t\t\t\t\t\t><img src=\"\/\/klie.com.br\/wp-content\/plugins\/revslider\/public\/assets\/assets\/dummy.png\" alt=\"\" class=\"tp-rs-img rs-lazyload\" width=\"2560\" height=\"1920\" data-lazyload=\"\/\/klie.com.br\/wp-content\/uploads\/2022\/08\/MesaCentroEvo1-scaled.jpg\" data-no-retina> \n\t\t\t\t\t\t\t<\/rs-layer><!--\n\n\t\t\t\t\t\t\t--><rs-layer\n\t\t\t\t\t\t\t\tid=\"slider-93-slide-333-layer-1\" \n\t\t\t\t\t\t\t\tdata-type=\"text\"\n\t\t\t\t\t\t\t\tdata-color=\"#525050\"\n\t\t\t\t\t\t\t\tdata-rsp_ch=\"on\"\n\t\t\t\t\t\t\t\tdata-xy=\"xo:50px,50px,50px,52px;yo:185px,100px,100px,80px;\"\n\t\t\t\t\t\t\t\tdata-text=\"w:normal;s:75,60,45,36;l:79,50,37,75;ls:20px,12px,9px,5px;\"\n\t\t\t\t\t\t\t\tdata-dim=\"w:799px,553px,420px,480px;h:186px,119px,90px,auto;minh:0px,none,none,none;\"\n\t\t\t\t\t\t\t\tdata-frame_999=\"o:0;st:w;\"\n\t\t\t\t\t\t\t\tstyle=\"z-index:6;font-family:'Lato';font-weight:500;\"\n\t\t\t\t\t\t\t><span class=\"slider-sub-title\">coffee table<\/span> EVO \n\t\t\t\t\t\t\t<\/rs-layer><!--\n-->\t\t\t\t\t\t<\/rs-slide>\n\t\t\t\t\t<\/rs-slides>\n\t\t\t\t<\/rs-module>\n\t\t\t\t<script>\n\t\t\t\t\tsetREVStartSize({c: 'rev_slider_93_1',rl:[1240,1024,778,480],el:[1400,868,660,138],gw:[1600,1024,778,480],gh:[1400,868,660,138],type:'standard',justify:'',layout:'fullwidth',mh:\"0\"});if (window.RS_MODULES!==undefined && window.RS_MODULES.modules!==undefined && window.RS_MODULES.modules[\"revslider931\"]!==undefined) {window.RS_MODULES.modules[\"revslider931\"].once = false;window.revapi93 = undefined;if (window.RS_MODULES.checkMinimal!==undefined) window.RS_MODULES.checkMinimal()}\n\t\t\t\t<\/script>\n\t\t\t<\/rs-module-wrap>\n\t\t\t<!-- END REVOLUTION SLIDER -->\n<\/div><\/div><\/div><\/div><div class=\"vc_row wpb_row vc_row-fluid\" ><div class=\"wpb_column vc_column_container vc_col-sm-12\"><div class=\"vc_column-inner\"><div class=\"wpb_wrapper\"><div class=\"qodef-elements-holder   qodef-one-column  qodef-responsive-mode-768\" ><div class=\"qodef-eh-item\"  data-item-class=\"qodef-eh-custom-7489\" data-769-1024=\"120px 0 0\" data-681-768=\"90px 0 30px\" data-680=\"0 0 90px\">\n\t<div class=\"qodef-eh-item-inner\">\n\t\t<div class=\"qodef-eh-item-content qodef-eh-custom-7489\" style=\"padding: 115px 0 35px\">\n\t\t\t\n\t\t\t<!-- START Mesa centro Evo Slider REVOLUTION SLIDER 6.6.20 --><p class=\"rs-p-wp-fix\"><\/p>\n\t\t\t<rs-module-wrap id=\"rev_slider_92_2_wrapper\" data-source=\"gallery\" style=\"visibility:hidden;background:transparent;padding:0;margin:0px auto;margin-top:0;margin-bottom:0;\">\n\t\t\t\t<rs-module id=\"rev_slider_92_2\" style=\"\" data-version=\"6.6.20\">\n\t\t\t\t\t<rs-slides style=\"overflow: hidden; position: absolute;\">\n\t\t\t\t\t\t<rs-slide style=\"position: absolute;\" data-key=\"rs-332\" data-title=\"Slide\" data-thumb=\"\/\/klie.com.br\/wp-content\/uploads\/2020\/07\/Edel-1-scaled.jpg\" data-anim=\"ms:600;r:0;\" data-in=\"o:0;\" data-out=\"a:false;\" data-color='light'>\n\t\t\t\t\t\t\t<img src=\"\/\/klie.com.br\/wp-content\/plugins\/revslider\/public\/assets\/assets\/dummy.png\" alt=\"Slide\" title=\"Edel\" width=\"2560\" height=\"1380\" class=\"rev-slidebg tp-rs-img rs-lazyload\" data-lazyload=\"\/\/klie.com.br\/wp-content\/plugins\/revslider\/public\/assets\/assets\/transparent.png\" data-bg=\"p:left center;\" data-parallax=\"5\" data-no-retina>\n<!--\n\t\t\t\t\t\t\t--><rs-layer\n\t\t\t\t\t\t\t\tid=\"slider-92-slide-332-layer-2\" \n\t\t\t\t\t\t\t\tdata-type=\"image\"\n\t\t\t\t\t\t\t\tdata-rsp_ch=\"on\"\n\t\t\t\t\t\t\t\tdata-xy=\"x:c;xo:-4px,-1px,1px,3px;y:m;yo:0,-1px,0,0;\"\n\t\t\t\t\t\t\t\tdata-text=\"w:normal;s:20,16,12,7;l:0,20,15,9;\"\n\t\t\t\t\t\t\t\tdata-dim=\"w:923px,791px,591px,325px;h:692px,593px,443px,244px;\"\n\t\t\t\t\t\t\t\tdata-frame_999=\"o:0;st:w;\"\n\t\t\t\t\t\t\t\tstyle=\"z-index:5;\"\n\t\t\t\t\t\t\t><img src=\"\/\/klie.com.br\/wp-content\/plugins\/revslider\/public\/assets\/assets\/dummy.png\" alt=\"\" class=\"tp-rs-img rs-lazyload\" width=\"2560\" height=\"1920\" data-lazyload=\"\/\/klie.com.br\/wp-content\/uploads\/2022\/08\/MesaCentroEvo1-scaled.jpg\" data-no-retina> \n\t\t\t\t\t\t\t<\/rs-layer><!--\n-->\t\t\t\t\t\t<\/rs-slide>\n\t\t\t\t\t\t<rs-slide style=\"position: absolute;\" data-key=\"rs-329\" data-title=\"Slide\" data-thumb=\"\/\/klie.com.br\/wp-content\/uploads\/2020\/07\/MESA-MOEMA-340-LATERAL-scaled.jpg\" data-anim=\"ms:600;r:0;\" data-in=\"o:0;\" data-out=\"a:false;\" data-color='light'>\n\t\t\t\t\t\t\t<img src=\"\/\/klie.com.br\/wp-content\/plugins\/revslider\/public\/assets\/assets\/dummy.png\" alt=\"Slide\" title=\"Edel\" width=\"2560\" height=\"1380\" class=\"rev-slidebg tp-rs-img rs-lazyload\" data-lazyload=\"\/\/klie.com.br\/wp-content\/plugins\/revslider\/public\/assets\/assets\/transparent.png\" data-bg=\"p:left center;\" data-parallax=\"5\" data-no-retina>\n<!--\n\t\t\t\t\t\t\t--><rs-layer\n\t\t\t\t\t\t\t\tid=\"slider-92-slide-329-layer-2\" \n\t\t\t\t\t\t\t\tdata-type=\"image\"\n\t\t\t\t\t\t\t\tdata-rsp_ch=\"on\"\n\t\t\t\t\t\t\t\tdata-xy=\"x:c;xo:-1px,-2px,0,1px;y:m;yo:-8px,-16px,0,-2px;\"\n\t\t\t\t\t\t\t\tdata-text=\"w:normal;s:20,16,12,7;l:0,20,15,9;\"\n\t\t\t\t\t\t\t\tdata-dim=\"w:582px,559px,424px,372px;h:388px,373px,283px,248px;\"\n\t\t\t\t\t\t\t\tdata-frame_999=\"o:0;st:w;\"\n\t\t\t\t\t\t\t\tstyle=\"z-index:5;\"\n\t\t\t\t\t\t\t><img src=\"\/\/klie.com.br\/wp-content\/plugins\/revslider\/public\/assets\/assets\/dummy.png\" alt=\"\" class=\"tp-rs-img rs-lazyload\" width=\"2560\" height=\"1707\" data-lazyload=\"\/\/klie.com.br\/wp-content\/uploads\/2022\/08\/MesaCentroEvo2-scaled.jpg\" data-no-retina> \n\t\t\t\t\t\t\t<\/rs-layer><!--\n-->\t\t\t\t\t\t<\/rs-slide>\n\t\t\t\t\t<\/rs-slides>\n\t\t\t\t\t<rs-static-layers><!--\n\t\t\t\t\t--><\/rs-static-layers>\n\t\t\t\t<\/rs-module>\n\t\t\t\t<script>\n\t\t\t\t\tsetREVStartSize({c: 'rev_slider_92_2',rl:[1240,1024,778,480],el:[700,600,450,250],gw:[1240,1024,778,480],gh:[700,600,450,250],type:'standard',justify:'',layout:'fullwidth',mh:\"0\"});if (window.RS_MODULES!==undefined && window.RS_MODULES.modules!==undefined && window.RS_MODULES.modules[\"revslider922\"]!==undefined) {window.RS_MODULES.modules[\"revslider922\"].once = false;window.revapi92 = undefined;if (window.RS_MODULES.checkMinimal!==undefined) window.RS_MODULES.checkMinimal()}\n\t\t\t\t<\/script>\n\t\t\t<\/rs-module-wrap>\n\t\t\t<!-- END REVOLUTION SLIDER -->\n\t\t<\/div>\n\t<\/div>\n<\/div><\/div><\/div><\/div><\/div><\/div><div class=\"vc_row wpb_row vc_row-fluid\" ><div class=\"wpb_column vc_column_container vc_col-sm-2\"><div class=\"vc_column-inner\"><div class=\"wpb_wrapper\"><\/div><\/div><\/div><div class=\"wpb_column vc_column_container vc_col-sm-8\"><div class=\"vc_column-inner\"><div class=\"wpb_wrapper\"><div class=\"qodef-elements-holder   qodef-one-column  qodef-responsive-mode-768\" ><div class=\"qodef-eh-item klie-art-description klie-letter-spacing\"  data-item-class=\"qodef-eh-custom-8448\" data-769-1024=\"143px 0 40px\" data-681-768=\"70px 0 20px\" data-680=\"25px 25px 20px 25px\">\n\t<div class=\"qodef-eh-item-inner\">\n\t\t<div class=\"qodef-eh-item-content qodef-eh-custom-8448\" style=\"padding: 50px 5px 30px 5px\">\n\t\t\t\n\t<div class=\"wpb_text_column wpb_content_element\" >\n\t\t<div class=\"wpb_wrapper\">\n\t\t\t<p class=\"klie-section-text\" style=\"text-align: left;\">Mesa de Centro EVO<\/p>\n\n\t\t<\/div>\n\t<\/div>\n\t\t<\/div>\n\t<\/div>\n<\/div><\/div><\/div><\/div><\/div><div class=\"wpb_column vc_column_container vc_col-sm-2\"><div class=\"vc_column-inner\"><div class=\"wpb_wrapper\"><\/div><\/div><\/div><\/div><div class=\"vc_row wpb_row vc_row-fluid\" ><div class=\"wpb_column vc_column_container vc_col-sm-2\"><div class=\"vc_column-inner\"><div class=\"wpb_wrapper\"><\/div><\/div><\/div><div class=\"wpb_column vc_column_container vc_col-sm-4\"><div class=\"vc_column-inner\"><div class=\"wpb_wrapper\"><div class=\"qodef-elements-holder   qodef-one-column  qodef-responsive-mode-768\" ><div class=\"qodef-eh-item klie-art-description klie-letter-spacing\"  data-item-class=\"qodef-eh-custom-4736\" data-769-1024=\"70px 0 20px\" data-681-768=\"70px 0 20px\" data-680=\"25px 25px 20px 25px\">\n\t<div class=\"qodef-eh-item-inner\">\n\t\t<div class=\"qodef-eh-item-content qodef-eh-custom-4736\" style=\"padding: 10px 5px 20px 5px\">\n\t\t\t\n\t<div class=\"wpb_text_column wpb_content_element\" >\n\t\t<div class=\"wpb_wrapper\">\n\t\t\t<p class=\"klie-section-text\" style=\"text-align: left;\">Measurements (H x L x W)<\/p>\n<p>19,5 | 27 | 34,5 x 100 | 120 | 150 x 60 | 80 | 100 cm<br \/>\n7 1\/2\u201d | 10 1\/2&#8243; | 13 1\/2&#8243; x 39 1\/4\u201d | 47 1\/4&#8243; | 59&#8243; x 23 1\/2\u201d | 31 1\/2&#8243; | 39 1\/4&#8243;<\/p>\n<p>&nbsp;<\/p>\n<p class=\"klie-section-text\" style=\"text-align: left;\">Materials<\/p>\n<p>Frame in Carbon Steel<br \/>\nTable top in natural stone.<\/p>\n\n\t\t<\/div>\n\t<\/div>\n\t\t<\/div>\n\t<\/div>\n<\/div><\/div><\/div><\/div><\/div><div class=\"wpb_column vc_column_container vc_col-sm-4\"><div class=\"vc_column-inner\"><div class=\"wpb_wrapper\"><div class=\"qodef-elements-holder   qodef-one-column  qodef-responsive-mode-768\" ><div class=\"qodef-eh-item klie-art-description klie-letter-spacing\"  data-item-class=\"qodef-eh-custom-6307\" data-769-1024=\"70px 0 20px\" data-681-768=\"70px 0 20px\" data-680=\"25px 25px 25px 25px\">\n\t<div class=\"qodef-eh-item-inner\">\n\t\t<div class=\"qodef-eh-item-content qodef-eh-custom-6307\" style=\"padding: 10px 5px 20px 5px\">\n\t\t\t\n\t<div class=\"wpb_text_column wpb_content_element\" >\n\t\t<div class=\"wpb_wrapper\">\n\t\t\t<p class=\"klie-section-text\" style=\"text-align: left;\">Downloads<\/p>\n<p><a href=\"https:\/\/3dwarehouse.sketchup.com\/by\/KLIE\" target=\"_blank\" rel=\"noopener noreferrer\">3D Warehouse<\/a><\/p>\n\n\t\t<\/div>\n\t<\/div>\n\t\t<\/div>\n\t<\/div>\n<\/div><\/div><\/div><\/div><\/div><div class=\"wpb_column vc_column_container vc_col-sm-2\"><div class=\"vc_column-inner\"><div class=\"wpb_wrapper\"><\/div><\/div><\/div><\/div><div class=\"vc_row wpb_row vc_row-fluid\" ><div class=\"wpb_column vc_column_container vc_col-sm-12\"><div class=\"vc_column-inner\"><div class=\"wpb_wrapper\"><div class=\"qodef-elements-holder   qodef-one-column  qodef-responsive-mode-768\" ><div class=\"qodef-eh-item\"  data-item-class=\"qodef-eh-custom-2038\">\n\t<div class=\"qodef-eh-item-inner\">\n\t\t<div class=\"qodef-eh-item-content qodef-eh-custom-2038\" style=\"padding: 0 9%\">\n\t\t\t\n\t<div class=\"wpb_text_column wpb_content_element  vc_custom_1665427461092\" >\n\t\t<div class=\"wpb_wrapper\">\n\t\t\t<p class=\"klie-section-text\" style=\"text-align: center;\">Get to know more details of our products and see what is behind each process and concept that make up our products.<\/p>\n\n\t\t<\/div>\n\t<\/div>\n\t\t<\/div>\n\t<\/div>\n<\/div><\/div><div class=\"vc_tta-container\" data-vc-action=\"collapseAll\"><div class=\"vc_general vc_tta vc_tta-accordion vc_tta-color-white vc_tta-style-flat vc_tta-shape-square vc_tta-spacing-10 vc_tta-controls-align-left vc_tta-o-all-clickable\"><div class=\"vc_tta-panels-container\"><div class=\"vc_tta-panels\"><div class=\"vc_tta-panel\" id=\"1665153751949-f12eacab-a50bc111-4a38\" data-vc-content=\".vc_tta-panel-body\"><div class=\"vc_tta-panel-heading\"><h4 class=\"vc_tta-panel-title vc_tta-controls-icon-position-left\"><a href=\"#1665153751949-f12eacab-a50bc111-4a38\" data-vc-accordion data-vc-container=\".vc_tta-container\"><span class=\"vc_tta-title-text\">PROCESS<\/span><i class=\"vc_tta-controls-icon vc_tta-controls-icon-triangle\"><\/i><\/a><\/h4><\/div><div class=\"vc_tta-panel-body\">\n\t<div class=\"wpb_text_column wpb_content_element\" >\n\t\t<div class=\"wpb_wrapper\">\n\t\t\t<div class=\"klie-sections\">\n<div class=\"row no-gutters\">\n<div class=\"col-12 col-sm-6\"><img decoding=\"async\" class=\"alignnone size-full wp-image-3712\" src=\"https:\/\/klie.com.br\/wp-content\/uploads\/2022\/07\/Producao_Metal.jpg\" alt=\"Processo de solda em a\u00e7o carbono.\" \/><\/div>\n<div class=\"col-12 col-sm-6 d-flex justify-content-center align-items-center\">\n<div class=\"c_col_text\">\n<p class=\"klie-section-text\">Carbon steel is a material of great durability and resistance which imbues these characteristics in our products and components. The solidness and the cohesion of steel pieces, united by weld techniques, constitute an inextricable union that guarantees safety in the use and handling of our products. Laser cuts, well-executed folds, and welds constitute a continuous and fluid perception at the length of the transition of each component. Along with high-quality painting, products with metallic components ensure great physical and mechanical integrity that can lengthen not only the products\u2019 lifespan as their aesthetic unity.<\/p>\n<\/div>\n<\/div>\n<\/div>\n<div class=\"row no-gutters\">\n<div class=\"col-12 col-sm-6 d-flex justify-content-center align-items-center order-1 order-sm-0\">\n<div class=\"c_col_text\">\n<p class=\"klie-section-text\">A focal element in any space, the natural stone has a unique signature able to connect us to a beauty filled with movement, details, and colors. Over millions of years, each stone went through physical and chemical processes which can produce masterpieces such as marble, quartzite, and granite. Each cut of stone becomes, therefore, unique and it lends such singularity to the piece of furniture, ensuring an exclusivity and refinement status to any room. To ensure the quality and integrity of each of our materials, we work with professionals who have years of experience with this material. Employing a methodic artisanal work in the execution of bevels, curves, and cuts, we week to compliment and exalt the unquestionable and inherent ornamental beauty of stones of natural origin.<\/p>\n<\/div>\n<\/div>\n<div class=\"col-12 col-sm-6\"><img decoding=\"async\" class=\"alignnone size-full wp-image-3713\" style=\"position: relative; bottom: 6px;\" src=\"https:\/\/klie.com.br\/wp-content\/uploads\/2022\/08\/IMG_6002_quad.jpg\" alt=\"Processo de polimento em pedra natural.\" \/><\/div>\n<\/div>\n<\/div>\n\n\t\t<\/div>\n\t<\/div>\n<\/div><\/div><div class=\"vc_tta-panel\" id=\"1665153751965-05c92d43-1ba7c111-4a38\" data-vc-content=\".vc_tta-panel-body\"><div class=\"vc_tta-panel-heading\"><h4 class=\"vc_tta-panel-title vc_tta-controls-icon-position-left\"><a href=\"#1665153751965-05c92d43-1ba7c111-4a38\" data-vc-accordion data-vc-container=\".vc_tta-container\"><span class=\"vc_tta-title-text\">INSPIRATION<\/span><i class=\"vc_tta-controls-icon vc_tta-controls-icon-triangle\"><\/i><\/a><\/h4><\/div><div class=\"vc_tta-panel-body\">\n\t<div  class=\"wpb_single_image wpb_content_element vc_align_center\">\n\t\t\n\t\t<figure class=\"wpb_wrapper vc_figure\">\n\t\t\t<div class=\"vc_single_image-wrapper   vc_box_border_grey\"><img width=\"936\" height=\"1200\" src=\"https:\/\/klie.com.br\/wp-content\/uploads\/2022\/08\/Capa_Lexico.jpg\" class=\"vc_single_image-img attachment-large\" alt=\"\" decoding=\"async\" loading=\"lazy\" srcset=\"https:\/\/klie.com.br\/wp-content\/uploads\/2022\/08\/Capa_Lexico.jpg 936w, https:\/\/klie.com.br\/wp-content\/uploads\/2022\/08\/Capa_Lexico-234x300.jpg 234w, https:\/\/klie.com.br\/wp-content\/uploads\/2022\/08\/Capa_Lexico-768x985.jpg 768w, https:\/\/klie.com.br\/wp-content\/uploads\/2022\/08\/Capa_Lexico-9x12.jpg 9w\" sizes=\"(max-width: 936px) 100vw, 936px\" \/><\/div>\n\t\t<\/figure>\n\t<\/div>\n\n\t<div class=\"wpb_text_column wpb_content_element\" >\n\t\t<div class=\"wpb_wrapper\">\n\t\t\t<p class=\"klie-body-text\" style=\"text-align: right;\">3\u00aa ed. S\u00e3o Paulo: Editora da Universidade de S\u00e3o Paulo, 2020.<\/p>\n\n\t\t<\/div>\n\t<\/div>\n\n\t<div class=\"wpb_text_column wpb_content_element  vc_custom_1665754410139\" >\n\t\t<div class=\"wpb_wrapper\">\n\t\t\t<p class=\"klie-body-text\" style=\"text-align: center;\"><strong>EVO. (V. AUSP\u00cdCIO)<\/strong>. \/ Tempo, idade. Dura\u00e7\u00e3o sem fim, eternidade (NA). \/\/ Do lat. aevu-. Termo po\u00e9tico. Express\u00e3o contradit\u00f3ria: <em>instante evo<\/em>. [Cf. G. Dias: Triste li\u00e7\u00e3o de experi\u00eancia deixam \/ os evos no passar (Obras po\u00e9ticas, t. II, p.116)].<\/p>\n<p class=\"klie-body-text\" style=\"text-align: center;\">MARTINS, Nilce Sant&#8217;Anna. O L\u00e9xico de Guimar\u00e3es Rosa. 3\u00aa ed. S\u00e3o Paulo: Editora da Universidade de S\u00e3o Paulo, 2020.<\/p>\n\n\t\t<\/div>\n\t<\/div>\n\n\t<div class=\"wpb_text_column wpb_content_element\" >\n\t\t<div class=\"wpb_wrapper\">\n\t\t\t<p class=\"klie-body-text\" style=\"text-align: justify; text-justify: inter-word;\">Evo is a poetic term that expresses the idea of something endless, with eternal duration. The Evo line, belonging to the L\u00e9xico Collection, was created to evoke the beauty of cold and rigid materials.<\/p>\n<p class=\"klie-body-text\" style=\"text-align: justify; text-justify: inter-word;\">Stone and steel express similar physical characteristics and become analogous by extension. Materials of different origins, but with alike attributes, create an essential rhythm that gives life to a line of perennial products, capable of resisting the passage of time.<\/p>\n\n\t\t<\/div>\n\t<\/div>\n<\/div><\/div><\/div><\/div><\/div><\/div><\/div><\/div><\/div><\/div>","protected":false},"excerpt":{"rendered":"mesa de centro EVO Mesa de Centro EVO Medidas (A x C x L) 19,5 | 27 | 34,5 x 100 | 120 | 150 x 60 | 80 | 100 cm 7 1\/2\u201d | 10 1\/2\" | 13 1\/2\" [...]","protected":false},"author":9,"featured_media":0,"parent":0,"menu_order":0,"comment_status":"closed","ping_status":"closed","template":"full-width.php","meta":{"footnotes":""},"yoast_head":"<!-- This site is optimized with the Yoast SEO plugin v22.2 - https:\/\/yoast.com\/wordpress\/plugins\/seo\/ -->\n<title>Mesa de centro Evo - Klie<\/title>\n<meta name=\"robots\" content=\"index, follow, max-snippet:-1, max-image-preview:large, max-video-preview:-1\" \/>\n<link rel=\"canonical\" href=\"https:\/\/klie.com.br\/en\/mesa-centro-evo\/\" \/>\n<meta property=\"og:locale\" content=\"en_US\" \/>\n<meta property=\"og:type\" content=\"article\" \/>\n<meta property=\"og:title\" content=\"Mesa de centro Evo - Klie\" \/>\n<meta property=\"og:url\" content=\"https:\/\/klie.com.br\/en\/mesa-centro-evo\/\" \/>\n<meta property=\"og:site_name\" content=\"Klie\" \/>\n<meta property=\"article:publisher\" content=\"https:\/\/www.facebook.com\/klieoficial\" \/>\n<meta property=\"article:modified_time\" content=\"2025-11-12T19:36:27+00:00\" \/>\n<meta property=\"og:image\" content=\"https:\/\/klie.com.br\/wp-content\/uploads\/2022\/07\/Producao_Metal.jpg\" \/>\n<meta name=\"twitter:card\" content=\"summary_large_image\" \/>\n<meta name=\"twitter:label1\" content=\"Est. reading time\" \/>\n\t<meta name=\"twitter:data1\" content=\"4 minutes\" \/>\n<script type=\"application\/ld+json\" class=\"yoast-schema-graph\">{\"@context\":\"https:\/\/schema.org\",\"@graph\":[{\"@type\":\"WebPage\",\"@id\":\"https:\/\/klie.com.br\/mesa-centro-evo\/\",\"url\":\"https:\/\/klie.com.br\/mesa-centro-evo\/\",\"name\":\"Mesa de centro Evo - Klie\",\"isPartOf\":{\"@id\":\"https:\/\/klie.com.br\/#website\"},\"primaryImageOfPage\":{\"@id\":\"https:\/\/klie.com.br\/mesa-centro-evo\/#primaryimage\"},\"image\":{\"@id\":\"https:\/\/klie.com.br\/mesa-centro-evo\/#primaryimage\"},\"thumbnailUrl\":\"https:\/\/klie.com.br\/wp-content\/uploads\/2022\/07\/Producao_Metal.jpg\",\"datePublished\":\"2022-08-30T20:12:23+00:00\",\"dateModified\":\"2025-11-12T19:36:27+00:00\",\"breadcrumb\":{\"@id\":\"https:\/\/klie.com.br\/mesa-centro-evo\/#breadcrumb\"},\"inLanguage\":\"en-US\",\"potentialAction\":[{\"@type\":\"ReadAction\",\"target\":[\"https:\/\/klie.com.br\/mesa-centro-evo\/\"]}]},{\"@type\":\"ImageObject\",\"inLanguage\":\"en-US\",\"@id\":\"https:\/\/klie.com.br\/mesa-centro-evo\/#primaryimage\",\"url\":\"https:\/\/klie.com.br\/wp-content\/uploads\/2022\/07\/Producao_Metal.jpg\",\"contentUrl\":\"https:\/\/klie.com.br\/wp-content\/uploads\/2022\/07\/Producao_Metal.jpg\",\"width\":2560,\"height\":2560},{\"@type\":\"BreadcrumbList\",\"@id\":\"https:\/\/klie.com.br\/mesa-centro-evo\/#breadcrumb\",\"itemListElement\":[{\"@type\":\"ListItem\",\"position\":1,\"name\":\"Home\",\"item\":\"https:\/\/klie.com.br\/\"},{\"@type\":\"ListItem\",\"position\":2,\"name\":\"Mesa de centro Evo\"}]},{\"@type\":\"WebSite\",\"@id\":\"https:\/\/klie.com.br\/#website\",\"url\":\"https:\/\/klie.com.br\/\",\"name\":\"Klie -\",\"description\":\"Detalhes que conectam!\",\"publisher\":{\"@id\":\"https:\/\/klie.com.br\/#organization\"},\"potentialAction\":[{\"@type\":\"SearchAction\",\"target\":{\"@type\":\"EntryPoint\",\"urlTemplate\":\"https:\/\/klie.com.br\/?s={search_term_string}\"},\"query-input\":\"required name=search_term_string\"}],\"inLanguage\":\"en-US\"},{\"@type\":\"Organization\",\"@id\":\"https:\/\/klie.com.br\/#organization\",\"name\":\"Klie\",\"url\":\"https:\/\/klie.com.br\/\",\"logo\":{\"@type\":\"ImageObject\",\"inLanguage\":\"en-US\",\"@id\":\"https:\/\/klie.com.br\/#\/schema\/logo\/image\/\",\"url\":\"https:\/\/klie.com.br\/wp-content\/uploads\/2020\/06\/Artboard-2-2.png\",\"contentUrl\":\"https:\/\/klie.com.br\/wp-content\/uploads\/2020\/06\/Artboard-2-2.png\",\"width\":97,\"height\":41,\"caption\":\"Klie\"},\"image\":{\"@id\":\"https:\/\/klie.com.br\/#\/schema\/logo\/image\/\"},\"sameAs\":[\"https:\/\/www.facebook.com\/klieoficial\",\"https:\/\/www.instagram.com\/klieoficial\/\"]}]}<\/script>\n<!-- \/ Yoast SEO plugin. -->","yoast_head_json":{"title":"Mesa de centro Evo - Klie","robots":{"index":"index","follow":"follow","max-snippet":"max-snippet:-1","max-image-preview":"max-image-preview:large","max-video-preview":"max-video-preview:-1"},"canonical":"https:\/\/klie.com.br\/en\/mesa-centro-evo\/","og_locale":"en_US","og_type":"article","og_title":"Mesa de centro Evo - Klie","og_url":"https:\/\/klie.com.br\/en\/mesa-centro-evo\/","og_site_name":"Klie","article_publisher":"https:\/\/www.facebook.com\/klieoficial","article_modified_time":"2025-11-12T19:36:27+00:00","og_image":[{"url":"https:\/\/klie.com.br\/wp-content\/uploads\/2022\/07\/Producao_Metal.jpg"}],"twitter_card":"summary_large_image","twitter_misc":{"Est. reading time":"4 minutes"},"schema":{"@context":"https:\/\/schema.org","@graph":[{"@type":"WebPage","@id":"https:\/\/klie.com.br\/mesa-centro-evo\/","url":"https:\/\/klie.com.br\/mesa-centro-evo\/","name":"Mesa de centro Evo - Klie","isPartOf":{"@id":"https:\/\/klie.com.br\/#website"},"primaryImageOfPage":{"@id":"https:\/\/klie.com.br\/mesa-centro-evo\/#primaryimage"},"image":{"@id":"https:\/\/klie.com.br\/mesa-centro-evo\/#primaryimage"},"thumbnailUrl":"https:\/\/klie.com.br\/wp-content\/uploads\/2022\/07\/Producao_Metal.jpg","datePublished":"2022-08-30T20:12:23+00:00","dateModified":"2025-11-12T19:36:27+00:00","breadcrumb":{"@id":"https:\/\/klie.com.br\/mesa-centro-evo\/#breadcrumb"},"inLanguage":"en-US","potentialAction":[{"@type":"ReadAction","target":["https:\/\/klie.com.br\/mesa-centro-evo\/"]}]},{"@type":"ImageObject","inLanguage":"en-US","@id":"https:\/\/klie.com.br\/mesa-centro-evo\/#primaryimage","url":"https:\/\/klie.com.br\/wp-content\/uploads\/2022\/07\/Producao_Metal.jpg","contentUrl":"https:\/\/klie.com.br\/wp-content\/uploads\/2022\/07\/Producao_Metal.jpg","width":2560,"height":2560},{"@type":"BreadcrumbList","@id":"https:\/\/klie.com.br\/mesa-centro-evo\/#breadcrumb","itemListElement":[{"@type":"ListItem","position":1,"name":"Home","item":"https:\/\/klie.com.br\/"},{"@type":"ListItem","position":2,"name":"Mesa de centro Evo"}]},{"@type":"WebSite","@id":"https:\/\/klie.com.br\/#website","url":"https:\/\/klie.com.br\/","name":"Klie -","description":"Detalhes que conectam!","publisher":{"@id":"https:\/\/klie.com.br\/#organization"},"potentialAction":[{"@type":"SearchAction","target":{"@type":"EntryPoint","urlTemplate":"https:\/\/klie.com.br\/?s={search_term_string}"},"query-input":"required name=search_term_string"}],"inLanguage":"en-US"},{"@type":"Organization","@id":"https:\/\/klie.com.br\/#organization","name":"Klie","url":"https:\/\/klie.com.br\/","logo":{"@type":"ImageObject","inLanguage":"en-US","@id":"https:\/\/klie.com.br\/#\/schema\/logo\/image\/","url":"https:\/\/klie.com.br\/wp-content\/uploads\/2020\/06\/Artboard-2-2.png","contentUrl":"https:\/\/klie.com.br\/wp-content\/uploads\/2020\/06\/Artboard-2-2.png","width":97,"height":41,"caption":"Klie"},"image":{"@id":"https:\/\/klie.com.br\/#\/schema\/logo\/image\/"},"sameAs":["https:\/\/www.facebook.com\/klieoficial","https:\/\/www.instagram.com\/klieoficial\/"]}]}},"_links":{"self":[{"href":"https:\/\/klie.com.br\/en\/wp-json\/wp\/v2\/pages\/5825"}],"collection":[{"href":"https:\/\/klie.com.br\/en\/wp-json\/wp\/v2\/pages"}],"about":[{"href":"https:\/\/klie.com.br\/en\/wp-json\/wp\/v2\/types\/page"}],"author":[{"embeddable":true,"href":"https:\/\/klie.com.br\/en\/wp-json\/wp\/v2\/users\/9"}],"replies":[{"embeddable":true,"href":"https:\/\/klie.com.br\/en\/wp-json\/wp\/v2\/comments?post=5825"}],"version-history":[{"count":8,"href":"https:\/\/klie.com.br\/en\/wp-json\/wp\/v2\/pages\/5825\/revisions"}],"predecessor-version":[{"id":6423,"href":"https:\/\/klie.com.br\/en\/wp-json\/wp\/v2\/pages\/5825\/revisions\/6423"}],"wp:attachment":[{"href":"https:\/\/klie.com.br\/en\/wp-json\/wp\/v2\/media?parent=5825"}],"curies":[{"name":"wp","href":"https:\/\/api.w.org\/{rel}","templated":true}]}}