{"id":3189,"date":"2020-07-08T02:37:02","date_gmt":"2020-07-08T02:37:02","guid":{"rendered":"http:\/\/local.klie.com.br\/?page_id=3189"},"modified":"2022-12-05T18:23:12","modified_gmt":"2022-12-05T18:23:12","slug":"sobre","status":"publish","type":"page","link":"https:\/\/klie.com.br\/en\/sobre\/","title":{"rendered":"Sobre"},"content":{"rendered":"<div class=\"vc_row wpb_row vc_row-fluid\" ><div class=\"wpb_column vc_column_container vc_col-sm-12\"><div class=\"vc_column-inner\"><div class=\"wpb_wrapper\">\n\t\t\t<!-- START Sobre  REVOLUTION SLIDER 6.6.20 --><p class=\"rs-p-wp-fix\"><\/p>\n\t\t\t<rs-module-wrap id=\"rev_slider_13_1_wrapper\" data-source=\"gallery\" style=\"visibility:hidden;background:transparent;padding:0;margin:0px auto;margin-top:0;margin-bottom:0;\">\n\t\t\t\t<rs-module id=\"rev_slider_13_1\" style=\"\" data-version=\"6.6.20\">\n\t\t\t\t\t<rs-slides style=\"overflow: hidden; position: absolute;\">\n\t\t\t\t\t\t<rs-slide style=\"position: absolute;\" data-key=\"rs-21\" data-title=\"Slide\" data-anim=\"ms:600;r:0;\" data-in=\"o:0;\" data-out=\"a:false;\" data-color='light'>\n\t\t\t\t\t\t\t<img src=\"\/\/klie.com.br\/wp-content\/plugins\/revslider\/public\/assets\/assets\/dummy.png\" alt=\"Slide\" title=\"Edel\" width=\"2560\" height=\"1380\" class=\"rev-slidebg tp-rs-img rs-lazyload\" data-lazyload=\"\/\/klie.com.br\/wp-content\/plugins\/revslider\/public\/assets\/assets\/transparent.png\" data-bg=\"p:left center;\" data-parallax=\"5\" data-no-retina>\n<!--\n\t\t\t\t\t\t\t--><rs-layer\n\t\t\t\t\t\t\t\tid=\"slider-13-slide-21-layer-0\" \n\t\t\t\t\t\t\t\tdata-type=\"image\"\n\t\t\t\t\t\t\t\tdata-rsp_ch=\"on\"\n\t\t\t\t\t\t\t\tdata-xy=\"xo:-158px,-101px,-76px,-98px;yo:-4px,-2px,-1px,2px;\"\n\t\t\t\t\t\t\t\tdata-text=\"w:normal;s:20,12,9,5;l:0,16,12,7;\"\n\t\t\t\t\t\t\t\tdata-dim=\"w:2001px,1280px,972px,599px;h:1333px,853px,648px,399px;\"\n\t\t\t\t\t\t\t\tdata-vbility=\"t,t,t,f\"\n\t\t\t\t\t\t\t\tdata-frame_999=\"o:0;st:w;\"\n\t\t\t\t\t\t\t\tstyle=\"z-index:5;\"\n\t\t\t\t\t\t\t><img src=\"\/\/klie.com.br\/wp-content\/plugins\/revslider\/public\/assets\/assets\/dummy.png\" alt=\"Edelweiss\" class=\"tp-rs-img rs-lazyload\" width=\"2560\" height=\"1706\" data-lazyload=\"\/\/klie.com.br\/wp-content\/uploads\/2020\/09\/rsz_edelweiss-205662_1280-scaled.jpg\" data-no-retina> \n\t\t\t\t\t\t\t<\/rs-layer><!--\n\n\t\t\t\t\t\t\t--><rs-layer\n\t\t\t\t\t\t\t\tid=\"slider-13-slide-21-layer-2\" \n\t\t\t\t\t\t\t\tdata-type=\"text\"\n\t\t\t\t\t\t\t\tdata-color=\"#fffdf9||#fffdf9||#fffdf9||#525050\"\n\t\t\t\t\t\t\t\tdata-rsp_ch=\"on\"\n\t\t\t\t\t\t\t\tdata-xy=\"xo:50px;yo:185px,100px,100px,0;\"\n\t\t\t\t\t\t\t\tdata-text=\"w:normal;s:75,60,45,43;l:79,50,37,75;ls:20px,12px,9px,0px;\"\n\t\t\t\t\t\t\t\tdata-frame_999=\"o:0;st:w;\"\n\t\t\t\t\t\t\t\tstyle=\"z-index:9;font-family:'Lato';font-weight:500;\"\n\t\t\t\t\t\t\t><div>ABOUT US<\/div> \n\t\t\t\t\t\t\t<\/rs-layer><!--\n-->\t\t\t\t\t\t<\/rs-slide>\n\t\t\t\t\t<\/rs-slides>\n\t\t\t\t<\/rs-module>\n\t\t\t\t<script>\n\t\t\t\t\tsetREVStartSize({c: 'rev_slider_13_1',rl:[1240,1024,778,480],el:[1300,768,560,60],gw:[1600,1024,778,480],gh:[1300,768,560,60],type:'standard',justify:'',layout:'fullwidth',mh:\"0\"});if (window.RS_MODULES!==undefined && window.RS_MODULES.modules!==undefined && window.RS_MODULES.modules[\"revslider131\"]!==undefined) {window.RS_MODULES.modules[\"revslider131\"].once = false;window.revapi13 = undefined;if (window.RS_MODULES.checkMinimal!==undefined) window.RS_MODULES.checkMinimal()}\n\t\t\t\t<\/script>\n\t\t\t<\/rs-module-wrap>\n\t\t\t<!-- END REVOLUTION SLIDER -->\n<\/div><\/div><\/div><\/div><div class=\"vc_row wpb_row vc_row-fluid\" ><div class=\"wpb_column vc_column_container vc_col-sm-12\"><div class=\"vc_column-inner\"><div class=\"wpb_wrapper\"><div class=\"qodef-elements-holder klie-sobre-page-text-1  qodef-one-column  qodef-responsive-mode-768\" ><div class=\"qodef-eh-item\"  data-item-class=\"qodef-eh-custom-5837\" data-681-768=\"98px 9% 62px\" data-680=\"52px 9% 62px\">\n\t<div class=\"qodef-eh-item-inner\">\n\t\t<div class=\"qodef-eh-item-content qodef-eh-custom-5837\" style=\"padding: 170px 9% 134px\">\n\t\t\t<div class=\"qodef-single-image-holder\">\n    <div class=\"qodef-si-inner\" >\n                                    <img width=\"143\" height=\"155\" src=\"https:\/\/klie.com.br\/wp-content\/uploads\/2020\/07\/logo-klie.jpg\" class=\"attachment-medium size-medium\" alt=\"\" decoding=\"async\" loading=\"lazy\" \/>                        <\/div>\n<\/div>\n\t<div class=\"wpb_text_column wpb_content_element  klie-body-text\" >\n\t\t<div class=\"wpb_wrapper\">\n\t\t\t<p class=\"klie-section-text\">Wollblume or Edelweiss is the name of the symbol flower of KLIE. Not only a tribute to the descendants of its founders and collaborators, but the Edelweiss flower also carries the weight of centuries as a synonym for durability, refinement, and sophistication. Choosing such a symbol for the brand is of extreme responsibility, therefore, for us at KLIE, the product that bears the Edelweiss flower is synonymous with our commitment to quality, strength, and satisfaction.<\/p>\n\n\t\t<\/div>\n\t<\/div>\n\t\t<\/div>\n\t<\/div>\n<\/div><\/div><\/div><\/div><\/div><\/div><div class=\"vc_row wpb_row vc_row-fluid\" ><div class=\"wpb_column vc_column_container vc_col-sm-12\"><div class=\"vc_column-inner\"><div class=\"wpb_wrapper\"><div class=\"qodef-elements-holder   qodef-one-column  qodef-responsive-mode-768\" ><div class=\"qodef-eh-item\"  data-item-class=\"qodef-eh-custom-6142\" data-769-1024=\"0 0 63px\" data-681-768=\"0px\" data-680=\"0px\">\n\t<div class=\"qodef-eh-item-inner\">\n\t\t<div class=\"qodef-eh-item-content qodef-eh-custom-6142\" style=\"padding: 0 0 186px\">\n\t\t\t\n\t<div class=\"wpb_text_column wpb_content_element\" >\n\t\t<div class=\"wpb_wrapper\">\n\t\t\t<div class=\"klie-sections\">\n<div class=\"row no-gutters\">\n<div class=\"col-12 col-sm-6\"><img decoding=\"async\" class=\"klie-section-img img-fluid w-100 order-0 order-sm-1\" style=\"position: relative; bottom: 7px;\" src=\"https:\/\/klie.com.br\/wp-content\/uploads\/2022\/10\/NeologismoFonetico.jpg\" \/><\/div>\n<div class=\"col-12 col-sm-6 d-flex justify-content-center align-items-center order-1 order-sm-0\">\n<div class=\"c_col_text\">\n<p class=\"klie-section-text\">The name Klie \/kli:\/ is a phonetic neologism and truncation of the English word Clean \/kli:n\/. Clean is the adjective used to refer to everything clean, honest, clear, and balanced. Stylistically, the last letter was suppressed while adopting the name Klie, obtaining an even cleaner sound than the original word.<\/p>\n<p class=\"klie-section-text\">Klie, since its birth in 2018, it\u2019s moved by a human view of furniture. We seek to transmute the idea that pieces of furniture are mere objects or that they would serve the opulence and the superfluous, so we can show our understanding of furniture.<\/p>\n<p class=\"klie-section-text\">We\u2019re inspired by the passion and stories of real people, by the honesty and beauty of enjoying the present moment. We believe the maximum expression of luxury happens through simplicity and the capacity of one to access and show our essence through everyday artifacts.<\/p>\n<\/div>\n<\/div>\n<\/div>\n<div class=\"row no-gutters\">\n<div class=\"col-12 col-sm-6 d-flex justify-content-center align-items-center\">\n<div class=\"c_col_text\">\n<p class=\"klie-section-text\" style=\"max-width: 634px;\">A Klie \u00e9 uma empresa que valoriza o trabalho desenvolvido pelas m\u00e3os de marceneiros, costureiras, pintores, e todos os profissionais que acumularam, com o passar das d\u00e9cadas, n\u00e3o apenas habilidades, mas paix\u00e3o pelo que fazem.<\/p>\n<p class=\"klie-section-text\" style=\"max-width: 634px;\">We believe that when we make something with our hands, we leave a part of us in the object that we fabricate. Creating a piece of furniture gives one a mysterious feeling of self-fulfillment. It\u2019s something that promotes a feeling akin to ecstasy that is, in part, due to seeing ourselves in the final result. The product is like a mirror that can reflect the best of us.<\/p>\n<p class=\"klie-section-text\" style=\"max-width: 634px;\">Our collaborators are proud of doing what they do in the manner that they do it. Each received order is an opportunity to share what they do best with the world and to do something they love with care. This feeling and this empathy with the product that is being developed is a treasure for us, for we know that the bond between producer and product is an irreplaceable part of what we wish to give the world.<\/p>\n<p class=\"klie-section-text\" style=\"max-width: 634px;\">To all these professionals, our most sincere thank you.<\/p>\n<\/div>\n<\/div>\n<div class=\"col-12 col-sm-6\"><img decoding=\"async\" class=\"klie-section-img img-fluid w-100\" src=\"https:\/\/klie.com.br\/wp-content\/uploads\/2022\/10\/Maos-que-gravam.jpg\" \/><\/div>\n<\/div>\n<\/div>\n\n\t\t<\/div>\n\t<\/div>\n\t\t<\/div>\n\t<\/div>\n<\/div><\/div><\/div><\/div><\/div><\/div>","protected":false},"excerpt":{"rendered":"SOBRE Wollblume ou Edelweiss \u00e9 o nome da flor s\u00edmbolo da KLIE. N\u00e3o somente uma homenagem aos descendentes de seus fundadores e colaboradores, a flor Edelweiss carrega o peso de s\u00e9culos como sin\u00f4nimo de durabilidade, requinte e sofistica\u00e7\u00e3o. Escolher tal [...]","protected":false},"author":1,"featured_media":0,"parent":0,"menu_order":0,"comment_status":"closed","ping_status":"closed","template":"full-width.php","meta":{"footnotes":""},"yoast_head":"<!-- This site is optimized with the Yoast SEO plugin v22.2 - https:\/\/yoast.com\/wordpress\/plugins\/seo\/ -->\n<title>Sobre - Klie<\/title>\n<meta name=\"robots\" content=\"index, follow, max-snippet:-1, max-image-preview:large, max-video-preview:-1\" \/>\n<link rel=\"canonical\" href=\"https:\/\/klie.com.br\/en\/sobre\/\" \/>\n<meta property=\"og:locale\" content=\"en_US\" \/>\n<meta property=\"og:type\" content=\"article\" \/>\n<meta property=\"og:title\" content=\"Sobre - Klie\" \/>\n<meta property=\"og:url\" content=\"https:\/\/klie.com.br\/en\/sobre\/\" \/>\n<meta property=\"og:site_name\" content=\"Klie\" \/>\n<meta property=\"article:publisher\" content=\"https:\/\/www.facebook.com\/klieoficial\" \/>\n<meta property=\"article:modified_time\" content=\"2022-12-05T18:23:12+00:00\" \/>\n<meta property=\"og:image\" content=\"https:\/\/klie.com.br\/wp-content\/uploads\/2022\/10\/NeologismoFonetico.jpg\" \/>\n<meta name=\"twitter:card\" content=\"summary_large_image\" \/>\n<meta name=\"twitter:label1\" content=\"Est. reading time\" \/>\n\t<meta name=\"twitter:data1\" content=\"3 minutes\" \/>\n<script type=\"application\/ld+json\" class=\"yoast-schema-graph\">{\"@context\":\"https:\/\/schema.org\",\"@graph\":[{\"@type\":\"WebPage\",\"@id\":\"https:\/\/klie.com.br\/sobre\/\",\"url\":\"https:\/\/klie.com.br\/sobre\/\",\"name\":\"Sobre - Klie\",\"isPartOf\":{\"@id\":\"https:\/\/klie.com.br\/#website\"},\"primaryImageOfPage\":{\"@id\":\"https:\/\/klie.com.br\/sobre\/#primaryimage\"},\"image\":{\"@id\":\"https:\/\/klie.com.br\/sobre\/#primaryimage\"},\"thumbnailUrl\":\"https:\/\/klie.com.br\/wp-content\/uploads\/2022\/10\/NeologismoFonetico.jpg\",\"datePublished\":\"2020-07-08T02:37:02+00:00\",\"dateModified\":\"2022-12-05T18:23:12+00:00\",\"breadcrumb\":{\"@id\":\"https:\/\/klie.com.br\/sobre\/#breadcrumb\"},\"inLanguage\":\"en-US\",\"potentialAction\":[{\"@type\":\"ReadAction\",\"target\":[\"https:\/\/klie.com.br\/sobre\/\"]}]},{\"@type\":\"ImageObject\",\"inLanguage\":\"en-US\",\"@id\":\"https:\/\/klie.com.br\/sobre\/#primaryimage\",\"url\":\"https:\/\/klie.com.br\/wp-content\/uploads\/2022\/10\/NeologismoFonetico.jpg\",\"contentUrl\":\"https:\/\/klie.com.br\/wp-content\/uploads\/2022\/10\/NeologismoFonetico.jpg\",\"width\":1000,\"height\":1000},{\"@type\":\"BreadcrumbList\",\"@id\":\"https:\/\/klie.com.br\/sobre\/#breadcrumb\",\"itemListElement\":[{\"@type\":\"ListItem\",\"position\":1,\"name\":\"Home\",\"item\":\"https:\/\/klie.com.br\/\"},{\"@type\":\"ListItem\",\"position\":2,\"name\":\"Sobre\"}]},{\"@type\":\"WebSite\",\"@id\":\"https:\/\/klie.com.br\/#website\",\"url\":\"https:\/\/klie.com.br\/\",\"name\":\"Klie -\",\"description\":\"Detalhes que conectam!\",\"publisher\":{\"@id\":\"https:\/\/klie.com.br\/#organization\"},\"potentialAction\":[{\"@type\":\"SearchAction\",\"target\":{\"@type\":\"EntryPoint\",\"urlTemplate\":\"https:\/\/klie.com.br\/?s={search_term_string}\"},\"query-input\":\"required name=search_term_string\"}],\"inLanguage\":\"en-US\"},{\"@type\":\"Organization\",\"@id\":\"https:\/\/klie.com.br\/#organization\",\"name\":\"Klie\",\"url\":\"https:\/\/klie.com.br\/\",\"logo\":{\"@type\":\"ImageObject\",\"inLanguage\":\"en-US\",\"@id\":\"https:\/\/klie.com.br\/#\/schema\/logo\/image\/\",\"url\":\"https:\/\/klie.com.br\/wp-content\/uploads\/2020\/06\/Artboard-2-2.png\",\"contentUrl\":\"https:\/\/klie.com.br\/wp-content\/uploads\/2020\/06\/Artboard-2-2.png\",\"width\":97,\"height\":41,\"caption\":\"Klie\"},\"image\":{\"@id\":\"https:\/\/klie.com.br\/#\/schema\/logo\/image\/\"},\"sameAs\":[\"https:\/\/www.facebook.com\/klieoficial\",\"https:\/\/www.instagram.com\/klieoficial\/\"]}]}<\/script>\n<!-- \/ Yoast SEO plugin. -->","yoast_head_json":{"title":"Sobre - Klie","robots":{"index":"index","follow":"follow","max-snippet":"max-snippet:-1","max-image-preview":"max-image-preview:large","max-video-preview":"max-video-preview:-1"},"canonical":"https:\/\/klie.com.br\/en\/sobre\/","og_locale":"en_US","og_type":"article","og_title":"Sobre - Klie","og_url":"https:\/\/klie.com.br\/en\/sobre\/","og_site_name":"Klie","article_publisher":"https:\/\/www.facebook.com\/klieoficial","article_modified_time":"2022-12-05T18:23:12+00:00","og_image":[{"url":"https:\/\/klie.com.br\/wp-content\/uploads\/2022\/10\/NeologismoFonetico.jpg"}],"twitter_card":"summary_large_image","twitter_misc":{"Est. reading time":"3 minutes"},"schema":{"@context":"https:\/\/schema.org","@graph":[{"@type":"WebPage","@id":"https:\/\/klie.com.br\/sobre\/","url":"https:\/\/klie.com.br\/sobre\/","name":"Sobre - Klie","isPartOf":{"@id":"https:\/\/klie.com.br\/#website"},"primaryImageOfPage":{"@id":"https:\/\/klie.com.br\/sobre\/#primaryimage"},"image":{"@id":"https:\/\/klie.com.br\/sobre\/#primaryimage"},"thumbnailUrl":"https:\/\/klie.com.br\/wp-content\/uploads\/2022\/10\/NeologismoFonetico.jpg","datePublished":"2020-07-08T02:37:02+00:00","dateModified":"2022-12-05T18:23:12+00:00","breadcrumb":{"@id":"https:\/\/klie.com.br\/sobre\/#breadcrumb"},"inLanguage":"en-US","potentialAction":[{"@type":"ReadAction","target":["https:\/\/klie.com.br\/sobre\/"]}]},{"@type":"ImageObject","inLanguage":"en-US","@id":"https:\/\/klie.com.br\/sobre\/#primaryimage","url":"https:\/\/klie.com.br\/wp-content\/uploads\/2022\/10\/NeologismoFonetico.jpg","contentUrl":"https:\/\/klie.com.br\/wp-content\/uploads\/2022\/10\/NeologismoFonetico.jpg","width":1000,"height":1000},{"@type":"BreadcrumbList","@id":"https:\/\/klie.com.br\/sobre\/#breadcrumb","itemListElement":[{"@type":"ListItem","position":1,"name":"Home","item":"https:\/\/klie.com.br\/"},{"@type":"ListItem","position":2,"name":"Sobre"}]},{"@type":"WebSite","@id":"https:\/\/klie.com.br\/#website","url":"https:\/\/klie.com.br\/","name":"Klie -","description":"Detalhes que conectam!","publisher":{"@id":"https:\/\/klie.com.br\/#organization"},"potentialAction":[{"@type":"SearchAction","target":{"@type":"EntryPoint","urlTemplate":"https:\/\/klie.com.br\/?s={search_term_string}"},"query-input":"required name=search_term_string"}],"inLanguage":"en-US"},{"@type":"Organization","@id":"https:\/\/klie.com.br\/#organization","name":"Klie","url":"https:\/\/klie.com.br\/","logo":{"@type":"ImageObject","inLanguage":"en-US","@id":"https:\/\/klie.com.br\/#\/schema\/logo\/image\/","url":"https:\/\/klie.com.br\/wp-content\/uploads\/2020\/06\/Artboard-2-2.png","contentUrl":"https:\/\/klie.com.br\/wp-content\/uploads\/2020\/06\/Artboard-2-2.png","width":97,"height":41,"caption":"Klie"},"image":{"@id":"https:\/\/klie.com.br\/#\/schema\/logo\/image\/"},"sameAs":["https:\/\/www.facebook.com\/klieoficial","https:\/\/www.instagram.com\/klieoficial\/"]}]}},"_links":{"self":[{"href":"https:\/\/klie.com.br\/en\/wp-json\/wp\/v2\/pages\/3189"}],"collection":[{"href":"https:\/\/klie.com.br\/en\/wp-json\/wp\/v2\/pages"}],"about":[{"href":"https:\/\/klie.com.br\/en\/wp-json\/wp\/v2\/types\/page"}],"author":[{"embeddable":true,"href":"https:\/\/klie.com.br\/en\/wp-json\/wp\/v2\/users\/1"}],"replies":[{"embeddable":true,"href":"https:\/\/klie.com.br\/en\/wp-json\/wp\/v2\/comments?post=3189"}],"version-history":[{"count":96,"href":"https:\/\/klie.com.br\/en\/wp-json\/wp\/v2\/pages\/3189\/revisions"}],"predecessor-version":[{"id":6231,"href":"https:\/\/klie.com.br\/en\/wp-json\/wp\/v2\/pages\/3189\/revisions\/6231"}],"wp:attachment":[{"href":"https:\/\/klie.com.br\/en\/wp-json\/wp\/v2\/media?parent=3189"}],"curies":[{"name":"wp","href":"https:\/\/api.w.org\/{rel}","templated":true}]}}