{"id":3155,"date":"2020-07-08T01:41:36","date_gmt":"2020-07-08T01:41:36","guid":{"rendered":"http:\/\/local.klie.com.br\/?page_id=3155"},"modified":"2022-12-02T11:21:21","modified_gmt":"2022-12-02T11:21:21","slug":"novidades","status":"publish","type":"page","link":"https:\/\/klie.com.br\/en\/novidades\/","title":{"rendered":"Novidades"},"content":{"rendered":"<div class=\"vc_row wpb_row vc_row-fluid\" ><div class=\"wpb_column vc_column_container vc_col-sm-12\"><div class=\"vc_column-inner\"><div class=\"wpb_wrapper\">\n\t\t\t<!-- START Novidades REVOLUTION SLIDER 6.6.20 --><p class=\"rs-p-wp-fix\"><\/p>\n\t\t\t<rs-module-wrap id=\"rev_slider_16_1_wrapper\" data-source=\"gallery\" style=\"visibility:hidden;background:transparent;padding:0;margin:0px auto;margin-top:0;margin-bottom:0;\">\n\t\t\t\t<rs-module id=\"rev_slider_16_1\" style=\"\" data-version=\"6.6.20\">\n\t\t\t\t\t<rs-slides style=\"overflow: hidden; position: absolute;\">\n\t\t\t\t\t\t<rs-slide style=\"position: absolute;\" data-key=\"rs-30\" data-title=\"Slide\" data-anim=\"ms:600;r:0;\" data-in=\"o:0;\" data-out=\"a:false;\" data-color='light'>\n\t\t\t\t\t\t\t<img src=\"\/\/klie.com.br\/wp-content\/plugins\/revslider\/public\/assets\/assets\/dummy.png\" alt=\"Slide\" title=\"Edel\" width=\"2560\" height=\"1380\" class=\"rev-slidebg tp-rs-img rs-lazyload\" data-lazyload=\"\/\/klie.com.br\/wp-content\/plugins\/revslider\/public\/assets\/assets\/transparent.png\" data-bg=\"p:left center;\" data-parallax=\"5\" data-no-retina>\n<!--\n\t\t\t\t\t\t\t--><rs-layer\n\t\t\t\t\t\t\t\tid=\"slider-16-slide-30-layer-0\" \n\t\t\t\t\t\t\t\tdata-type=\"image\"\n\t\t\t\t\t\t\t\tdata-rsp_ch=\"on\"\n\t\t\t\t\t\t\t\tdata-xy=\"xo:-283px,-100px,-51px,-98px;yo:218px,-19px,-19px,2px;\"\n\t\t\t\t\t\t\t\tdata-text=\"w:normal;s:20,12,9,5;l:0,16,12,7;\"\n\t\t\t\t\t\t\t\tdata-dim=\"w:2247px,1438px,1092px,673px;h:1264px,808px,613px,378px;\"\n\t\t\t\t\t\t\t\tdata-vbility=\"t,t,t,f\"\n\t\t\t\t\t\t\t\tdata-frame_999=\"o:0;st:w;\"\n\t\t\t\t\t\t\t\tstyle=\"z-index:5;\"\n\t\t\t\t\t\t\t><img src=\"\/\/klie.com.br\/wp-content\/plugins\/revslider\/public\/assets\/assets\/dummy.png\" alt=\"\" class=\"tp-rs-img rs-lazyload\" width=\"2560\" height=\"1440\" data-lazyload=\"\/\/klie.com.br\/wp-content\/uploads\/2022\/06\/mesa_cadeira_metal-scaled.jpg\" data-no-retina> \n\t\t\t\t\t\t\t<\/rs-layer><!--\n\n\t\t\t\t\t\t\t--><rs-layer\n\t\t\t\t\t\t\t\tid=\"slider-16-slide-30-layer-2\" \n\t\t\t\t\t\t\t\tdata-type=\"text\"\n\t\t\t\t\t\t\t\tdata-color=\"#525050\"\n\t\t\t\t\t\t\t\tdata-rsp_ch=\"on\"\n\t\t\t\t\t\t\t\tdata-xy=\"xo:57px,50px,50px,50px;yo:69px,100px,100px,20px;\"\n\t\t\t\t\t\t\t\tdata-text=\"w:normal;s:75,60,45,36;l:79,50,37,75;ls:20px,12px,9px,0px;\"\n\t\t\t\t\t\t\t\tdata-frame_999=\"o:0;st:w;\"\n\t\t\t\t\t\t\t\tstyle=\"z-index:9;font-family:'Lato';font-weight:500;\"\n\t\t\t\t\t\t\t>NEWS \n\t\t\t\t\t\t\t<\/rs-layer><!--\n-->\t\t\t\t\t\t<\/rs-slide>\n\t\t\t\t\t<\/rs-slides>\n\t\t\t\t<\/rs-module>\n\t\t\t\t<script>\n\t\t\t\t\tsetREVStartSize({c: 'rev_slider_16_1',rl:[1240,1024,778,480],el:[1400,900,700,75],gw:[1600,1024,778,480],gh:[1400,900,700,75],type:'standard',justify:'',layout:'fullwidth',mh:\"0\"});if (window.RS_MODULES!==undefined && window.RS_MODULES.modules!==undefined && window.RS_MODULES.modules[\"revslider161\"]!==undefined) {window.RS_MODULES.modules[\"revslider161\"].once = false;window.revapi16 = undefined;if (window.RS_MODULES.checkMinimal!==undefined) window.RS_MODULES.checkMinimal()}\n\t\t\t\t<\/script>\n\t\t\t<\/rs-module-wrap>\n\t\t\t<!-- END REVOLUTION SLIDER -->\n<\/div><\/div><\/div><\/div><div class=\"vc_row wpb_row vc_row-fluid\" ><div class=\"wpb_column vc_column_container vc_col-sm-12\"><div class=\"vc_column-inner\"><div class=\"wpb_wrapper\"><div class=\"qodef-elements-holder   qodef-one-column  qodef-responsive-mode-768\" ><div class=\"qodef-eh-item\"  data-item-class=\"qodef-eh-custom-6297\" data-681-768=\"60px 0 0 0\" data-680=\"1px 0 0 0\">\n\t<div class=\"qodef-eh-item-inner\">\n\t\t<div class=\"qodef-eh-item-content qodef-eh-custom-6297\" style=\"padding: 35px 0 0 0\">\n\t\t\t\n\t<div class=\"wpb_text_column wpb_content_element\" >\n\t\t<div class=\"wpb_wrapper\">\n\t\t\t<div class=\"klie-sections klie-sections-novidades\">\n<div class=\"row no-gutters c_col_1\">\n<div class=\"col-12 col-sm-6 d-flex justify-content-center align-items-center order-1 order-sm-0\">\n<div class=\"c_col_text\">\n<div class=\"klie-section-header\"><span class=\"klie-section-h1\">Klie na Casa Vogue<\/span><\/div>\n<p class=\"klie-section-text\" style=\"text-align: justify;\">A edi\u00e7\u00e3o de outubro de 2022 da revista Casa Vogue inclui men\u00e7\u00e3o \u00e0 cole\u00e7\u00e3o L\u00e9xico, lan\u00e7amento da Klie neste ano. A sess\u00e3o \u201cCasa Vogue Ama\u201d apresenta o sof\u00e1 Evo, assinado pelo designer e diretor criativo da Klie, Esteban Fidelis.<\/p>\n<\/div>\n<\/div>\n<div class=\"col-12 col-sm-6\"><img decoding=\"async\" loading=\"lazy\" class=\"klie-section-img img-fluid w-100 order-0 order-sm-1 wp-image-5201 alignnone\" src=\"https:\/\/klie.com.br\/wp-content\/uploads\/2022\/12\/NOVIDADES_casa-vogue.jpg\" alt=\"\" width=\"1115\" height=\"1115\" \/><\/div>\n<\/div>\n<\/div>\n\n\t\t<\/div>\n\t<\/div>\n\t\t<\/div>\n\t<\/div>\n<\/div><\/div><\/div><\/div><\/div><\/div><div class=\"vc_row wpb_row vc_row-fluid\" ><div class=\"wpb_column vc_column_container vc_col-sm-12\"><div class=\"vc_column-inner\"><div class=\"wpb_wrapper\"><div class=\"qodef-elements-holder   qodef-one-column  qodef-responsive-mode-768\" ><div class=\"qodef-eh-item\"  data-item-class=\"qodef-eh-custom-7056\" data-681-768=\"60px 0 0 0\" data-680=\"1px 0 0 0\">\n\t<div class=\"qodef-eh-item-inner\">\n\t\t<div class=\"qodef-eh-item-content qodef-eh-custom-7056\" style=\"padding: 35px 0 0 0\">\n\t\t\t\n\t<div class=\"wpb_text_column wpb_content_element\" >\n\t\t<div class=\"wpb_wrapper\">\n\t\t\t<div class=\"klie-sections klie-sections-novidades\">\n<div class=\"row no-gutters c_col_1\">\n<div class=\"col-12 col-sm-6\"><a href=\"https:\/\/klie.com.br\/en\/colecao-lexico\/\" target=\"_self\" rel=\"noopener noreferrer\"><img decoding=\"async\" loading=\"lazy\" class=\"klie-section-img img-fluid w-100 order-0 order-sm-1 wp-image-5201 alignnone\" src=\"https:\/\/klie.com.br\/wp-content\/uploads\/2022\/09\/Banner_Lexico.jpg\" alt=\"\" width=\"1115\" height=\"1115\" \/><\/a><\/div>\n<div class=\"col-12 col-sm-6 d-flex justify-content-center align-items-center order-1 order-sm-0\">\n<div class=\"c_col_text\">\n<div class=\"klie-section-header\"><span class=\"klie-section-h1\">Cole\u00e7\u00e3o L\u00e9xico<\/span><\/div>\n<p class=\"klie-section-text\" style=\"text-align: justify;\">Escritor, embaixador, entre outras ocupa\u00e7\u00f5es, Jo\u00e3o Guimar\u00e3es, foi um talentos\u00edssimo autor brasileiro. Rosa era amante da oralidade, catalogando e criando palavras como um alquimista da linguagem. A cole\u00e7\u00e3o L\u00e9xico se abre como um sistema de organiza\u00e7\u00e3o de palavras encontradas nas aventuras de Guimar\u00e3es Rosa e escritas ao longo de sua vida. Experiencie o encontro do tang\u00edvel e intang\u00edvel atrav\u00e9s da nova cole\u00e7\u00e3o Klie.<\/p>\n<\/div>\n<\/div>\n<\/div>\n<\/div>\n\n\t\t<\/div>\n\t<\/div>\n\t\t<\/div>\n\t<\/div>\n<\/div><\/div><\/div><\/div><\/div><\/div><div class=\"vc_row wpb_row vc_row-fluid\" ><div class=\"wpb_column vc_column_container vc_col-sm-12\"><div class=\"vc_column-inner\"><div class=\"wpb_wrapper\"><div class=\"qodef-elements-holder   qodef-one-column  qodef-responsive-mode-768\" ><div class=\"qodef-eh-item\"  data-item-class=\"qodef-eh-custom-9890\" data-681-768=\"60px 0 0 0\" data-680=\"1px 0 0 0\">\n\t<div class=\"qodef-eh-item-inner\">\n\t\t<div class=\"qodef-eh-item-content qodef-eh-custom-9890\" style=\"padding: 35px 0 0 0\">\n\t\t\t\n\t<div class=\"wpb_text_column wpb_content_element\" >\n\t\t<div class=\"wpb_wrapper\">\n\t\t\t<div class=\"klie-sections klie-sections-novidades\">\n<div class=\"row no-gutters c_col_1\">\n<div class=\"col-12 col-sm-6 d-flex justify-content-center align-items-center order-1 order-sm-0\">\n<div class=\"c_col_text\">\n<div class=\"klie-section-header\"><span class=\"klie-section-h1\">Klie na DW! 2022<\/span><\/div>\n<p class=\"klie-section-text\" style=\"text-align: justify;\">A Klie proporcionou aos seus visitantes uma experi\u00eancia sensorial durante a 11\u00aa DW! Semana de Design de S\u00e3o Paulo, assim compreendendo o universo sens\u00edvel da mais nova marca brasileira de design assinado.<\/p>\n<\/div>\n<\/div>\n<div class=\"col-12 col-sm-6\"><img decoding=\"async\" loading=\"lazy\" class=\"klie-section-img img-fluid w-100 order-0 order-sm-1 wp-image-5201 alignnone\" src=\"https:\/\/klie.com.br\/wp-content\/uploads\/2022\/09\/Banner_DW.jpg\" alt=\"\" width=\"1115\" height=\"1115\" \/><\/div>\n<\/div>\n<\/div>\n\n\t\t<\/div>\n\t<\/div>\n\t\t<\/div>\n\t<\/div>\n<\/div><\/div><\/div><\/div><\/div><\/div><div class=\"vc_row wpb_row vc_row-fluid\" ><div class=\"wpb_column vc_column_container vc_col-sm-12\"><div class=\"vc_column-inner\"><div class=\"wpb_wrapper\"><div class=\"qodef-elements-holder   qodef-one-column  qodef-responsive-mode-768\" ><div class=\"qodef-eh-item\"  data-item-class=\"qodef-eh-custom-2071\" data-681-768=\"60px 0 0 0\" data-680=\"1px 0 0 0\">\n\t<div class=\"qodef-eh-item-inner\">\n\t\t<div class=\"qodef-eh-item-content qodef-eh-custom-2071\" style=\"padding: 35px 0 0 0\">\n\t\t\t\n\t<div class=\"wpb_text_column wpb_content_element\" >\n\t\t<div class=\"wpb_wrapper\">\n\t\t\t<div class=\"klie-sections klie-sections-novidades\">\n<div class=\"row no-gutters c_col_1\">\n<div class=\"col-12 col-sm-6\"><img decoding=\"async\" loading=\"lazy\" class=\"klie-section-img img-fluid w-100 order-0 order-sm-1 wp-image-5201 alignnone\" src=\"https:\/\/klie.com.br\/wp-content\/uploads\/2022\/12\/NOVIDADES_casacor.jpg\" alt=\"\" width=\"1115\" height=\"1115\" \/><\/div>\n<div class=\"col-12 col-sm-6 d-flex justify-content-center align-items-center order-1 order-sm-0\">\n<div class=\"c_col_text\">\n<div class=\"klie-section-header\"><span class=\"klie-section-h1\">Casacor RS 2022<\/span><\/div>\n<p class=\"klie-section-text\" style=\"text-align: justify;\">Durante agosto a outubro de 2022, a Klie fez parte da CASACOR do Rio Grande do Sul. Presente em seis ambientes, a Klie teve a honra de integrar a ideia de \u201cInfinito Particular\u201d de diferentes arquitetos.<\/p>\n<\/div>\n<\/div>\n<\/div>\n<\/div>\n\n\t\t<\/div>\n\t<\/div>\n\t\t<\/div>\n\t<\/div>\n<\/div><\/div><\/div><\/div><\/div><\/div>","protected":false},"excerpt":{"rendered":"NOVIDADES Klie na Casa Vogue A edi\u00e7\u00e3o de outubro de 2022 da revista Casa Vogue inclui men\u00e7\u00e3o \u00e0 cole\u00e7\u00e3o L\u00e9xico, lan\u00e7amento da Klie neste ano. A sess\u00e3o \u201cCasa Vogue Ama\u201d apresenta o sof\u00e1 Evo, assinado pelo designer e diretor criativo [...]","protected":false},"author":1,"featured_media":0,"parent":0,"menu_order":0,"comment_status":"closed","ping_status":"closed","template":"full-width.php","meta":{"footnotes":""},"yoast_head":"<!-- This site is optimized with the Yoast SEO plugin v22.2 - https:\/\/yoast.com\/wordpress\/plugins\/seo\/ -->\n<title>Novidades - Klie<\/title>\n<meta name=\"robots\" content=\"index, follow, max-snippet:-1, max-image-preview:large, max-video-preview:-1\" \/>\n<link rel=\"canonical\" href=\"https:\/\/klie.com.br\/en\/novidades\/\" \/>\n<meta property=\"og:locale\" content=\"en_US\" \/>\n<meta property=\"og:type\" content=\"article\" \/>\n<meta property=\"og:title\" content=\"Novidades - Klie\" \/>\n<meta property=\"og:url\" content=\"https:\/\/klie.com.br\/en\/novidades\/\" \/>\n<meta property=\"og:site_name\" content=\"Klie\" \/>\n<meta property=\"article:publisher\" content=\"https:\/\/www.facebook.com\/klieoficial\" \/>\n<meta property=\"article:modified_time\" content=\"2022-12-02T11:21:21+00:00\" \/>\n<meta property=\"og:image\" content=\"https:\/\/klie.com.br\/wp-content\/uploads\/2022\/12\/NOVIDADES_casa-vogue.jpg\" \/>\n<meta name=\"twitter:card\" content=\"summary_large_image\" \/>\n<meta name=\"twitter:label1\" content=\"Est. reading time\" \/>\n\t<meta name=\"twitter:data1\" content=\"2 minutes\" \/>\n<script type=\"application\/ld+json\" class=\"yoast-schema-graph\">{\"@context\":\"https:\/\/schema.org\",\"@graph\":[{\"@type\":\"WebPage\",\"@id\":\"https:\/\/klie.com.br\/novidades\/\",\"url\":\"https:\/\/klie.com.br\/novidades\/\",\"name\":\"Novidades - Klie\",\"isPartOf\":{\"@id\":\"https:\/\/klie.com.br\/#website\"},\"primaryImageOfPage\":{\"@id\":\"https:\/\/klie.com.br\/novidades\/#primaryimage\"},\"image\":{\"@id\":\"https:\/\/klie.com.br\/novidades\/#primaryimage\"},\"thumbnailUrl\":\"https:\/\/klie.com.br\/wp-content\/uploads\/2022\/12\/NOVIDADES_casa-vogue.jpg\",\"datePublished\":\"2020-07-08T01:41:36+00:00\",\"dateModified\":\"2022-12-02T11:21:21+00:00\",\"breadcrumb\":{\"@id\":\"https:\/\/klie.com.br\/novidades\/#breadcrumb\"},\"inLanguage\":\"en-US\",\"potentialAction\":[{\"@type\":\"ReadAction\",\"target\":[\"https:\/\/klie.com.br\/novidades\/\"]}]},{\"@type\":\"ImageObject\",\"inLanguage\":\"en-US\",\"@id\":\"https:\/\/klie.com.br\/novidades\/#primaryimage\",\"url\":\"https:\/\/klie.com.br\/wp-content\/uploads\/2022\/12\/NOVIDADES_casa-vogue.jpg\",\"contentUrl\":\"https:\/\/klie.com.br\/wp-content\/uploads\/2022\/12\/NOVIDADES_casa-vogue.jpg\",\"width\":1240,\"height\":1240},{\"@type\":\"BreadcrumbList\",\"@id\":\"https:\/\/klie.com.br\/novidades\/#breadcrumb\",\"itemListElement\":[{\"@type\":\"ListItem\",\"position\":1,\"name\":\"Home\",\"item\":\"https:\/\/klie.com.br\/\"},{\"@type\":\"ListItem\",\"position\":2,\"name\":\"Novidades\"}]},{\"@type\":\"WebSite\",\"@id\":\"https:\/\/klie.com.br\/#website\",\"url\":\"https:\/\/klie.com.br\/\",\"name\":\"Klie -\",\"description\":\"Detalhes que conectam!\",\"publisher\":{\"@id\":\"https:\/\/klie.com.br\/#organization\"},\"potentialAction\":[{\"@type\":\"SearchAction\",\"target\":{\"@type\":\"EntryPoint\",\"urlTemplate\":\"https:\/\/klie.com.br\/?s={search_term_string}\"},\"query-input\":\"required name=search_term_string\"}],\"inLanguage\":\"en-US\"},{\"@type\":\"Organization\",\"@id\":\"https:\/\/klie.com.br\/#organization\",\"name\":\"Klie\",\"url\":\"https:\/\/klie.com.br\/\",\"logo\":{\"@type\":\"ImageObject\",\"inLanguage\":\"en-US\",\"@id\":\"https:\/\/klie.com.br\/#\/schema\/logo\/image\/\",\"url\":\"https:\/\/klie.com.br\/wp-content\/uploads\/2020\/06\/Artboard-2-2.png\",\"contentUrl\":\"https:\/\/klie.com.br\/wp-content\/uploads\/2020\/06\/Artboard-2-2.png\",\"width\":97,\"height\":41,\"caption\":\"Klie\"},\"image\":{\"@id\":\"https:\/\/klie.com.br\/#\/schema\/logo\/image\/\"},\"sameAs\":[\"https:\/\/www.facebook.com\/klieoficial\",\"https:\/\/www.instagram.com\/klieoficial\/\"]}]}<\/script>\n<!-- \/ Yoast SEO plugin. -->","yoast_head_json":{"title":"Novidades - Klie","robots":{"index":"index","follow":"follow","max-snippet":"max-snippet:-1","max-image-preview":"max-image-preview:large","max-video-preview":"max-video-preview:-1"},"canonical":"https:\/\/klie.com.br\/en\/novidades\/","og_locale":"en_US","og_type":"article","og_title":"Novidades - Klie","og_url":"https:\/\/klie.com.br\/en\/novidades\/","og_site_name":"Klie","article_publisher":"https:\/\/www.facebook.com\/klieoficial","article_modified_time":"2022-12-02T11:21:21+00:00","og_image":[{"url":"https:\/\/klie.com.br\/wp-content\/uploads\/2022\/12\/NOVIDADES_casa-vogue.jpg"}],"twitter_card":"summary_large_image","twitter_misc":{"Est. reading time":"2 minutes"},"schema":{"@context":"https:\/\/schema.org","@graph":[{"@type":"WebPage","@id":"https:\/\/klie.com.br\/novidades\/","url":"https:\/\/klie.com.br\/novidades\/","name":"Novidades - Klie","isPartOf":{"@id":"https:\/\/klie.com.br\/#website"},"primaryImageOfPage":{"@id":"https:\/\/klie.com.br\/novidades\/#primaryimage"},"image":{"@id":"https:\/\/klie.com.br\/novidades\/#primaryimage"},"thumbnailUrl":"https:\/\/klie.com.br\/wp-content\/uploads\/2022\/12\/NOVIDADES_casa-vogue.jpg","datePublished":"2020-07-08T01:41:36+00:00","dateModified":"2022-12-02T11:21:21+00:00","breadcrumb":{"@id":"https:\/\/klie.com.br\/novidades\/#breadcrumb"},"inLanguage":"en-US","potentialAction":[{"@type":"ReadAction","target":["https:\/\/klie.com.br\/novidades\/"]}]},{"@type":"ImageObject","inLanguage":"en-US","@id":"https:\/\/klie.com.br\/novidades\/#primaryimage","url":"https:\/\/klie.com.br\/wp-content\/uploads\/2022\/12\/NOVIDADES_casa-vogue.jpg","contentUrl":"https:\/\/klie.com.br\/wp-content\/uploads\/2022\/12\/NOVIDADES_casa-vogue.jpg","width":1240,"height":1240},{"@type":"BreadcrumbList","@id":"https:\/\/klie.com.br\/novidades\/#breadcrumb","itemListElement":[{"@type":"ListItem","position":1,"name":"Home","item":"https:\/\/klie.com.br\/"},{"@type":"ListItem","position":2,"name":"Novidades"}]},{"@type":"WebSite","@id":"https:\/\/klie.com.br\/#website","url":"https:\/\/klie.com.br\/","name":"Klie -","description":"Detalhes que conectam!","publisher":{"@id":"https:\/\/klie.com.br\/#organization"},"potentialAction":[{"@type":"SearchAction","target":{"@type":"EntryPoint","urlTemplate":"https:\/\/klie.com.br\/?s={search_term_string}"},"query-input":"required name=search_term_string"}],"inLanguage":"en-US"},{"@type":"Organization","@id":"https:\/\/klie.com.br\/#organization","name":"Klie","url":"https:\/\/klie.com.br\/","logo":{"@type":"ImageObject","inLanguage":"en-US","@id":"https:\/\/klie.com.br\/#\/schema\/logo\/image\/","url":"https:\/\/klie.com.br\/wp-content\/uploads\/2020\/06\/Artboard-2-2.png","contentUrl":"https:\/\/klie.com.br\/wp-content\/uploads\/2020\/06\/Artboard-2-2.png","width":97,"height":41,"caption":"Klie"},"image":{"@id":"https:\/\/klie.com.br\/#\/schema\/logo\/image\/"},"sameAs":["https:\/\/www.facebook.com\/klieoficial","https:\/\/www.instagram.com\/klieoficial\/"]}]}},"_links":{"self":[{"href":"https:\/\/klie.com.br\/en\/wp-json\/wp\/v2\/pages\/3155"}],"collection":[{"href":"https:\/\/klie.com.br\/en\/wp-json\/wp\/v2\/pages"}],"about":[{"href":"https:\/\/klie.com.br\/en\/wp-json\/wp\/v2\/types\/page"}],"author":[{"embeddable":true,"href":"https:\/\/klie.com.br\/en\/wp-json\/wp\/v2\/users\/1"}],"replies":[{"embeddable":true,"href":"https:\/\/klie.com.br\/en\/wp-json\/wp\/v2\/comments?post=3155"}],"version-history":[{"count":160,"href":"https:\/\/klie.com.br\/en\/wp-json\/wp\/v2\/pages\/3155\/revisions"}],"predecessor-version":[{"id":6230,"href":"https:\/\/klie.com.br\/en\/wp-json\/wp\/v2\/pages\/3155\/revisions\/6230"}],"wp:attachment":[{"href":"https:\/\/klie.com.br\/en\/wp-json\/wp\/v2\/media?parent=3155"}],"curies":[{"name":"wp","href":"https:\/\/api.w.org\/{rel}","templated":true}]}}